{"id":653,"date":"2021-04-18T01:59:01","date_gmt":"2021-04-18T01:59:01","guid":{"rendered":"https:\/\/test.karl-jenter.eu\/?page_id=653"},"modified":"2021-04-18T01:59:01","modified_gmt":"2021-04-18T01:59:01","slug":"rapido-hoenigruehrer","status":"publish","type":"page","link":"https:\/\/karl-jenter.eu\/home2\/rapido-hoenigruehrer","title":{"rendered":"RAPIDO H\u00f6nigr\u00fchrer"},"content":{"rendered":"\t\t<div data-elementor-type=\"wp-page\" data-elementor-id=\"653\" class=\"elementor elementor-653\">\n\t\t\t\t\t\t<section class=\"elementor-section elementor-top-section elementor-element elementor-element-9da0e51 elementor-section-boxed elementor-section-height-default elementor-section-height-default\" data-id=\"9da0e51\" data-element_type=\"section\" data-e-type=\"section\">\n\t\t\t\t\t\t<div class=\"elementor-container elementor-column-gap-default\">\n\t\t\t\t\t<div class=\"elementor-column elementor-col-50 elementor-top-column elementor-element elementor-element-824423d\" data-id=\"824423d\" data-element_type=\"column\" data-e-type=\"column\">\n\t\t\t<div class=\"elementor-widget-wrap elementor-element-populated\">\n\t\t\t\t\t\t<div class=\"elementor-element elementor-element-709cf0a elementor-widget elementor-widget-image\" data-id=\"709cf0a\" data-element_type=\"widget\" data-e-type=\"widget\" data-widget_type=\"image.default\">\n\t\t\t\t<div class=\"elementor-widget-container\">\n\t\t\t\t\t\t\t\t\t\t\t\t\t\t\t<img decoding=\"async\" src=\"https:\/\/test.karl-jenter.eu\/wp-content\/uploads\/2022\/06\/Rapido_Titelbild-3-scaled.jpg\" title=\"\" alt=\"\" loading=\"lazy\" \/>\t\t\t\t\t\t\t\t\t\t\t\t\t\t\t<\/div>\n\t\t\t\t<\/div>\n\t\t\t\t\t<\/div>\n\t\t<\/div>\n\t\t\t\t<div class=\"elementor-column elementor-col-50 elementor-top-column elementor-element elementor-element-f3929dc\" data-id=\"f3929dc\" data-element_type=\"column\" data-e-type=\"column\">\n\t\t\t<div class=\"elementor-widget-wrap elementor-element-populated\">\n\t\t\t\t\t\t\t<\/div>\n\t\t<\/div>\n\t\t\t\t\t<\/div>\n\t\t<\/section>\n\t\t\t\t<section class=\"elementor-section elementor-top-section elementor-element elementor-element-91591a0 elementor-section-boxed elementor-section-height-default elementor-section-height-default\" data-id=\"91591a0\" data-element_type=\"section\" data-e-type=\"section\">\n\t\t\t\t\t\t<div class=\"elementor-container elementor-column-gap-default\">\n\t\t\t\t\t<div class=\"elementor-column elementor-col-100 elementor-top-column elementor-element elementor-element-be77845\" data-id=\"be77845\" data-element_type=\"column\" data-e-type=\"column\">\n\t\t\t<div class=\"elementor-widget-wrap elementor-element-populated\">\n\t\t\t\t\t\t<div class=\"elementor-element elementor-element-faa125a elementor-widget elementor-widget-spacer\" data-id=\"faa125a\" data-element_type=\"widget\" data-e-type=\"widget\" data-widget_type=\"spacer.default\">\n\t\t\t\t<div class=\"elementor-widget-container\">\n\t\t\t\t\t\t\t<div class=\"elementor-spacer\">\n\t\t\t<div class=\"elementor-spacer-inner\"><\/div>\n\t\t<\/div>\n\t\t\t\t\t\t<\/div>\n\t\t\t\t<\/div>\n\t\t\t\t\t<\/div>\n\t\t<\/div>\n\t\t\t\t\t<\/div>\n\t\t<\/section>\n\t\t\t\t<section class=\"elementor-section elementor-top-section elementor-element elementor-element-28999d8 elementor-section-boxed elementor-section-height-default elementor-section-height-default\" data-id=\"28999d8\" data-element_type=\"section\" data-e-type=\"section\">\n\t\t\t\t\t\t<div class=\"elementor-container elementor-column-gap-default\">\n\t\t\t\t\t<div class=\"elementor-column elementor-col-33 elementor-top-column elementor-element elementor-element-8a943a2\" data-id=\"8a943a2\" data-element_type=\"column\" data-e-type=\"column\">\n\t\t\t<div class=\"elementor-widget-wrap elementor-element-populated\">\n\t\t\t\t\t\t<div class=\"elementor-element elementor-element-b8a476e elementor-widget elementor-widget-text-editor\" data-id=\"b8a476e\" data-element_type=\"widget\" data-e-type=\"widget\" data-widget_type=\"text-editor.default\">\n\t\t\t\t<div class=\"elementor-widget-container\">\n\t\t\t\t\t\t\t\t\t<h4 id=\"1082521488\" class=\"u_1082521488 dmNewParagraph\" style=\"transition: opacity 1s ease-in-out 0s; display: block; text-align: right;\" data-uialign=\"left\" data-element-type=\"paragraph\">&#8222;Cremiger Honig &#8211; einfach gemacht&#8220;<\/h4>\t\t\t\t\t\t\t\t<\/div>\n\t\t\t\t<\/div>\n\t\t\t\t\t<\/div>\n\t\t<\/div>\n\t\t\t\t<div class=\"elementor-column elementor-col-66 elementor-top-column elementor-element elementor-element-a68dda8\" data-id=\"a68dda8\" data-element_type=\"column\" data-e-type=\"column\">\n\t\t\t<div class=\"elementor-widget-wrap elementor-element-populated\">\n\t\t\t\t\t\t<div class=\"elementor-element elementor-element-b858d95 elementor-widget elementor-widget-text-editor\" data-id=\"b858d95\" data-element_type=\"widget\" data-e-type=\"widget\" data-widget_type=\"text-editor.default\">\n\t\t\t\t<div class=\"elementor-widget-container\">\n\t\t\t\t\t\t\t\t\t<p><b>Vorteile des RAPIDO Honigr\u00fchrers:<\/b><\/p><div><ul class=\"innerList defaultList\"><li>Extrem schnelles, hygienisches Arbeiten<\/li><li>Nur einmal R\u00fchren notwendig (2-3 Minuten)<\/li><li>Geringer Kraftaufwand<\/li><li>Geringer technischer Aufwand<\/li><li>Verschlei\u00dffreies Arbeiten<\/li><li>Schnelles Abf\u00fcllen ins Glas<\/li><li>4000-fach bew\u00e4hrt!<\/li><\/ul><\/div><div>\u00a0<\/div><div>Der schnellste Honigr\u00fchrer mit neuartigem Wirkungsprinzip f\u00fcr die Handbohrmaschine.<\/div><div>\u00a0<\/div><div>In nur 4 Minuten cremiger Honig! Durch die neue R\u00fchrtechnologie ist nur einmal R\u00fchren notwendig &#8211; unabh\u00e4ngig vom Schleudertermin.<br \/>Hervorragend auch zum Anr\u00fchren von Zuckerwasser, f\u00fcr die Metherstellung und die Wachsverarbeitung geeignet.<\/div><div>\u00a0<\/div><p>Einfacher und schneller geht es nicht! (Testbericht Bienenpflege 1\/06, Seite 35, Bienen Aktuell, Sept 2011). Unverw\u00fcstliches Profiger\u00e4t aus zertifiziertem Edelstahl.<br \/><br \/>Der Honigr\u00fchrer Rapido ist ein R\u00fchrger\u00e4t aus zertifiziertem Edelstahl, das durch enorme Scherkr\u00e4fte die groben und verzahnten Kristalle des Honigs in feine, kugelige Strukturen verwandelt und den Honig so fein-cremig macht.<b><br \/><\/b><br \/>Vergessen Sie das m\u00fchsame und zeitaufw\u00e4ndige R\u00fchren direkt nach dem Honigschleudern und r\u00fchren Sie wann Sie Lust und vor allem Zeit haben!<\/p>\t\t\t\t\t\t\t\t<\/div>\n\t\t\t\t<\/div>\n\t\t\t\t\t<\/div>\n\t\t<\/div>\n\t\t\t\t\t<\/div>\n\t\t<\/section>\n\t\t\t\t<section class=\"elementor-section elementor-top-section elementor-element elementor-element-70d952b elementor-section-boxed elementor-section-height-default elementor-section-height-default\" data-id=\"70d952b\" data-element_type=\"section\" data-e-type=\"section\">\n\t\t\t\t\t\t<div class=\"elementor-container elementor-column-gap-default\">\n\t\t\t\t\t<div class=\"elementor-column elementor-col-100 elementor-top-column elementor-element elementor-element-16dc9ef\" data-id=\"16dc9ef\" data-element_type=\"column\" data-e-type=\"column\">\n\t\t\t<div class=\"elementor-widget-wrap elementor-element-populated\">\n\t\t\t\t\t\t<div class=\"elementor-element elementor-element-d7801ca elementor-widget elementor-widget-spacer\" data-id=\"d7801ca\" data-element_type=\"widget\" data-e-type=\"widget\" data-widget_type=\"spacer.default\">\n\t\t\t\t<div class=\"elementor-widget-container\">\n\t\t\t\t\t\t\t<div class=\"elementor-spacer\">\n\t\t\t<div class=\"elementor-spacer-inner\"><\/div>\n\t\t<\/div>\n\t\t\t\t\t\t<\/div>\n\t\t\t\t<\/div>\n\t\t\t\t\t<\/div>\n\t\t<\/div>\n\t\t\t\t\t<\/div>\n\t\t<\/section>\n\t\t\t\t<section class=\"elementor-section elementor-top-section elementor-element elementor-element-1155ce7 elementor-section-boxed elementor-section-height-default elementor-section-height-default\" data-id=\"1155ce7\" data-element_type=\"section\" data-e-type=\"section\">\n\t\t\t\t\t\t<div class=\"elementor-container elementor-column-gap-default\">\n\t\t\t\t\t<div class=\"elementor-column elementor-col-100 elementor-top-column elementor-element elementor-element-fe04d5a\" data-id=\"fe04d5a\" data-element_type=\"column\" data-e-type=\"column\">\n\t\t\t<div class=\"elementor-widget-wrap elementor-element-populated\">\n\t\t\t\t\t\t<div class=\"elementor-element elementor-element-0ca7efc elementor-widget elementor-widget-video\" data-id=\"0ca7efc\" data-element_type=\"widget\" data-e-type=\"widget\" data-settings=\"{&quot;youtube_url&quot;:&quot;https:\\\/\\\/youtu.be\\\/7IObNT2oH98&quot;,&quot;video_type&quot;:&quot;youtube&quot;,&quot;controls&quot;:&quot;yes&quot;}\" data-widget_type=\"video.default\">\n\t\t\t\t<div class=\"elementor-widget-container\">\n\t\t\t\t\t\t\t<div class=\"elementor-wrapper elementor-open-inline\">\n\t\t\t<div class=\"elementor-video\"><\/div>\t\t<\/div>\n\t\t\t\t\t\t<\/div>\n\t\t\t\t<\/div>\n\t\t\t\t\t<\/div>\n\t\t<\/div>\n\t\t\t\t\t<\/div>\n\t\t<\/section>\n\t\t\t\t<section class=\"elementor-section elementor-top-section elementor-element elementor-element-c62a2f2 elementor-section-boxed elementor-section-height-default elementor-section-height-default\" data-id=\"c62a2f2\" data-element_type=\"section\" data-e-type=\"section\">\n\t\t\t\t\t\t<div class=\"elementor-container elementor-column-gap-default\">\n\t\t\t\t\t<div class=\"elementor-column elementor-col-100 elementor-top-column elementor-element elementor-element-9a02681\" data-id=\"9a02681\" data-element_type=\"column\" data-e-type=\"column\">\n\t\t\t<div class=\"elementor-widget-wrap\">\n\t\t\t\t\t\t\t<\/div>\n\t\t<\/div>\n\t\t\t\t\t<\/div>\n\t\t<\/section>\n\t\t\t\t<section class=\"elementor-section elementor-top-section elementor-element elementor-element-d032582 elementor-section-boxed elementor-section-height-default elementor-section-height-default\" data-id=\"d032582\" data-element_type=\"section\" data-e-type=\"section\">\n\t\t\t\t\t\t<div class=\"elementor-container elementor-column-gap-default\">\n\t\t\t\t\t<div class=\"elementor-column elementor-col-100 elementor-top-column elementor-element elementor-element-b20574f\" data-id=\"b20574f\" data-element_type=\"column\" data-e-type=\"column\">\n\t\t\t<div class=\"elementor-widget-wrap elementor-element-populated\">\n\t\t\t\t\t\t<div class=\"elementor-element elementor-element-51641c6 elementor-widget elementor-widget-video\" data-id=\"51641c6\" data-element_type=\"widget\" data-e-type=\"widget\" data-settings=\"{&quot;youtube_url&quot;:&quot;https:\\\/\\\/youtu.be\\\/P47DBVEnt5Y&quot;,&quot;video_type&quot;:&quot;youtube&quot;,&quot;controls&quot;:&quot;yes&quot;}\" data-widget_type=\"video.default\">\n\t\t\t\t<div class=\"elementor-widget-container\">\n\t\t\t\t\t\t\t<div class=\"elementor-wrapper elementor-open-inline\">\n\t\t\t<div class=\"elementor-video\"><\/div>\t\t<\/div>\n\t\t\t\t\t\t<\/div>\n\t\t\t\t<\/div>\n\t\t\t\t\t<\/div>\n\t\t<\/div>\n\t\t\t\t\t<\/div>\n\t\t<\/section>\n\t\t\t\t<section class=\"elementor-section elementor-top-section elementor-element elementor-element-85f6151 elementor-section-boxed elementor-section-height-default elementor-section-height-default\" data-id=\"85f6151\" data-element_type=\"section\" data-e-type=\"section\">\n\t\t\t\t\t\t<div class=\"elementor-container elementor-column-gap-default\">\n\t\t\t\t\t<div class=\"elementor-column elementor-col-100 elementor-top-column elementor-element elementor-element-1d366a6\" data-id=\"1d366a6\" data-element_type=\"column\" data-e-type=\"column\">\n\t\t\t<div class=\"elementor-widget-wrap elementor-element-populated\">\n\t\t\t\t\t\t<div class=\"elementor-element elementor-element-de78c08 elementor-widget elementor-widget-spacer\" data-id=\"de78c08\" data-element_type=\"widget\" data-e-type=\"widget\" data-widget_type=\"spacer.default\">\n\t\t\t\t<div class=\"elementor-widget-container\">\n\t\t\t\t\t\t\t<div class=\"elementor-spacer\">\n\t\t\t<div class=\"elementor-spacer-inner\"><\/div>\n\t\t<\/div>\n\t\t\t\t\t\t<\/div>\n\t\t\t\t<\/div>\n\t\t\t\t\t<\/div>\n\t\t<\/div>\n\t\t\t\t\t<\/div>\n\t\t<\/section>\n\t\t\t\t<\/div>\n\t\t","protected":false},"excerpt":{"rendered":"<p>&#8222;Cremiger Honig &#8211; einfach gemacht&#8220; Vorteile des RAPIDO Honigr\u00fchrers: Extrem schnelles, hygienisches Arbeiten Nur einmal R\u00fchren notwendig (2-3 Minuten) Geringer Kraftaufwand Geringer technischer Aufwand Verschlei\u00dffreies Arbeiten Schnelles Abf\u00fcllen ins Glas 4000-fach bew\u00e4hrt! \u00a0Der schnellste Honigr\u00fchrer mit neuartigem Wirkungsprinzip f\u00fcr die Handbohrmaschine.\u00a0In nur 4 Minuten cremiger Honig! Durch die neue R\u00fchrtechnologie ist nur einmal R\u00fchren notwendig [&hellip;]<\/p>\n","protected":false},"author":1,"featured_media":0,"parent":0,"menu_order":0,"comment_status":"closed","ping_status":"closed","template":"","meta":{"footnotes":""},"class_list":["post-653","page","type-page","status-publish","czr-hentry"],"_links":{"self":[{"href":"https:\/\/karl-jenter.eu\/home2\/wp-json\/wp\/v2\/pages\/653","targetHints":{"allow":["GET"]}}],"collection":[{"href":"https:\/\/karl-jenter.eu\/home2\/wp-json\/wp\/v2\/pages"}],"about":[{"href":"https:\/\/karl-jenter.eu\/home2\/wp-json\/wp\/v2\/types\/page"}],"author":[{"embeddable":true,"href":"https:\/\/karl-jenter.eu\/home2\/wp-json\/wp\/v2\/users\/1"}],"replies":[{"embeddable":true,"href":"https:\/\/karl-jenter.eu\/home2\/wp-json\/wp\/v2\/comments?post=653"}],"version-history":[{"count":0,"href":"https:\/\/karl-jenter.eu\/home2\/wp-json\/wp\/v2\/pages\/653\/revisions"}],"wp:attachment":[{"href":"https:\/\/karl-jenter.eu\/home2\/wp-json\/wp\/v2\/media?parent=653"}],"curies":[{"name":"wp","href":"https:\/\/api.w.org\/{rel}","templated":true}]}}