{"id":600,"date":"2021-04-11T02:35:44","date_gmt":"2021-04-11T02:35:44","guid":{"rendered":"https:\/\/test.karl-jenter.eu\/?page_id=600"},"modified":"2022-11-29T20:49:43","modified_gmt":"2022-11-29T20:49:43","slug":"produktdesign","status":"publish","type":"page","link":"https:\/\/karl-jenter.eu\/home2\/produktdesign","title":{"rendered":"Produktdesign"},"content":{"rendered":"\t\t<div data-elementor-type=\"wp-page\" data-elementor-id=\"600\" class=\"elementor elementor-600\">\n\t\t\t\t\t\t<section class=\"elementor-section elementor-top-section elementor-element elementor-element-3c1df1b elementor-section-boxed elementor-section-height-default elementor-section-height-default\" data-id=\"3c1df1b\" data-element_type=\"section\" data-e-type=\"section\">\n\t\t\t\t\t\t<div class=\"elementor-container elementor-column-gap-default\">\n\t\t\t\t\t<div class=\"elementor-column elementor-col-100 elementor-top-column elementor-element elementor-element-a143d9e\" data-id=\"a143d9e\" data-element_type=\"column\" data-e-type=\"column\">\n\t\t\t<div class=\"elementor-widget-wrap elementor-element-populated\">\n\t\t\t\t\t\t<div class=\"elementor-element elementor-element-45a03af elementor-widget elementor-widget-image\" data-id=\"45a03af\" data-element_type=\"widget\" data-e-type=\"widget\" data-widget_type=\"image.default\">\n\t\t\t\t<div class=\"elementor-widget-container\">\n\t\t\t\t\t\t\t\t\t\t\t\t\t\t\t<img fetchpriority=\"high\" decoding=\"async\" width=\"260\" height=\"233\" src=\"https:\/\/karl-jenter.eu\/wp-content\/uploads\/2022\/11\/IMG_20190507_213143-aa732986-dc607c52-1920w-264w.webp\" class=\"attachment-large size-large wp-image-1215\" alt=\"\" \/>\t\t\t\t\t\t\t\t\t\t\t\t\t\t\t<\/div>\n\t\t\t\t<\/div>\n\t\t\t\t<div class=\"elementor-element elementor-element-e3f4b77 elementor-widget elementor-widget-text-editor\" data-id=\"e3f4b77\" data-element_type=\"widget\" data-e-type=\"widget\" data-widget_type=\"text-editor.default\">\n\t\t\t\t<div class=\"elementor-widget-container\">\n\t\t\t\t\t\t\t\t\t<div style=\"box-sizing: border-box; border: 0px solid #333333; -webkit-font-smoothing: antialiased; -webkit-tap-highlight-color: transparent; text-align: center;\"><span style=\"box-sizing: border-box; border: 0px solid #333333; -webkit-font-smoothing: antialiased; -webkit-tap-highlight-color: transparent; font-weight: 600;\"><span style=\"color: #ffcc00; font-size: 24pt;\">Ab sofort erh\u00e4ltlich&#8230;<\/span><br style=\"box-sizing: border-box; border: 0px solid #333333; -webkit-font-smoothing: antialiased; -webkit-tap-highlight-color: transparent;\" \/><\/span><\/div><div>\u00a0<\/div><div style=\"box-sizing: border-box; border: 0px solid #333333; -webkit-font-smoothing: antialiased; -webkit-tap-highlight-color: transparent; text-align: center;\"><span style=\"box-sizing: border-box; border: 0px solid #333333; -webkit-font-smoothing: antialiased; -webkit-tap-highlight-color: transparent; background-color: rgba(0, 0, 0, 0); font-weight: 300;\"><span style=\"font-family: Glegoo; font-size: 18pt;\">UNSERE NEUEN SCHACHTELN SIND DA!!!!<\/span><br style=\"box-sizing: border-box; border: 0px solid #333333; -webkit-font-smoothing: antialiased; -webkit-tap-highlight-color: transparent;\" \/><\/span><\/div><div id=\"1440505187\" class=\"u_1440505187 dmNewParagraph\" style=\"box-sizing: border-box; border: 0px solid #333333; -webkit-font-smoothing: antialiased; text-align: center; margin: 22px auto 8px !important; padding: 2px 0px !important; max-width: calc(100% - 117px) !important; -webkit-tap-highlight-color: transparent; line-height: 24px; display: block; float: none !important; top: 0px !important; left: 0px !important; width: 726px !important; position: relative !important; height: auto !important; min-width: 25px !important; color: #111111; font-family: 'Open Sans'; font-size: 16px; font-style: normal; font-variant-ligatures: normal; font-variant-caps: normal; font-weight: 400; letter-spacing: normal; orphans: 2; text-indent: 0px; text-transform: none; white-space: normal; widows: 2; word-spacing: 0px; -webkit-text-stroke-width: 0px; background-color: #ffffff; text-decoration-thickness: initial; text-decoration-style: initial; text-decoration-color: initial; transition: none 0s ease 0s;\" data-dmtmpl=\"true\" data-uialign=\"center\"><div style=\"box-sizing: border-box; border: 0px solid #333333; -webkit-font-smoothing: antialiased; -webkit-tap-highlight-color: transparent; text-align: center;\"><b style=\"box-sizing: border-box; border: 0px solid #333333; font-weight: bold; -webkit-font-smoothing: antialiased; -webkit-tap-highlight-color: transparent;\">Bei uns steht die Zeit nicht still, ohne Fortschritt &#8211; keine Zukunft!<\/b><\/div><div style=\"box-sizing: border-box; border: 0px solid #333333; -webkit-font-smoothing: antialiased; -webkit-tap-highlight-color: transparent; text-align: center;\">Daher werten wir unser Produkt stetig auf. Heute sind unsere neuen Schachteln eingetroffen. Das Umsteckverfahren ist daher ab sofort in neuem Design erh\u00e4ltlich.<\/div><div style=\"box-sizing: border-box; border: 0px solid #333333; -webkit-font-smoothing: antialiased; -webkit-tap-highlight-color: transparent; text-align: center;\">\u00a0<\/div><div style=\"box-sizing: border-box; border: 0px solid #333333; -webkit-font-smoothing: antialiased; -webkit-tap-highlight-color: transparent; text-align: center;\">Auch die Schachteln f\u00fcr unser neues Produkt JENTER VarroaSTOP, die Weltneuheit in der Varroabek\u00e4mpfung sind eingetroffen. Daher k\u00f6nnen wir das Produkt voraussichtlich auch schon vor dem 15.05.2019 ausliefern.<\/div><div style=\"box-sizing: border-box; border: 0px solid #333333; -webkit-font-smoothing: antialiased; -webkit-tap-highlight-color: transparent; text-align: center;\">\u00a0<\/div><div style=\"box-sizing: border-box; border: 0px solid #333333; -webkit-font-smoothing: antialiased; -webkit-tap-highlight-color: transparent;\">\u00a0<\/div><div style=\"box-sizing: border-box; border: 0px solid #333333; -webkit-font-smoothing: antialiased; -webkit-tap-highlight-color: transparent;\">Frickenhausen, 07.05.2019<\/div><\/div>\t\t\t\t\t\t\t\t<\/div>\n\t\t\t\t<\/div>\n\t\t\t\t<div class=\"elementor-element elementor-element-9618454 elementor-arrows-position-inside elementor-pagination-position-outside elementor-widget elementor-widget-image-carousel\" data-id=\"9618454\" data-element_type=\"widget\" data-e-type=\"widget\" data-settings=\"{&quot;slides_to_show&quot;:&quot;1&quot;,&quot;navigation&quot;:&quot;both&quot;,&quot;autoplay&quot;:&quot;yes&quot;,&quot;pause_on_hover&quot;:&quot;yes&quot;,&quot;pause_on_interaction&quot;:&quot;yes&quot;,&quot;autoplay_speed&quot;:5000,&quot;infinite&quot;:&quot;yes&quot;,&quot;effect&quot;:&quot;slide&quot;,&quot;speed&quot;:500}\" data-widget_type=\"image-carousel.default\">\n\t\t\t\t<div class=\"elementor-widget-container\">\n\t\t\t\t\t\t\t<div class=\"elementor-image-carousel-wrapper swiper\" role=\"region\" aria-roledescription=\"carousel\" aria-label=\"Bild Karussell\" dir=\"ltr\">\n\t\t\t<div class=\"elementor-image-carousel swiper-wrapper\" aria-live=\"off\">\n\t\t\t\t\t\t\t\t<div class=\"swiper-slide\" role=\"group\" aria-roledescription=\"slide\" aria-label=\"1 von 1\"><figure class=\"swiper-slide-inner\"><img decoding=\"async\" class=\"swiper-slide-image\" src=\"https:\/\/test.karl-jenter.eu\/wp-content\/uploads\/2021\/04\/IMG_20190507_213143-aa732986-dc607c52-1920w.png\" alt=\"\" \/><\/figure><\/div>\t\t\t<\/div>\n\t\t\t\t\t<\/div>\n\t\t\t\t\t\t<\/div>\n\t\t\t\t<\/div>\n\t\t\t\t\t<\/div>\n\t\t<\/div>\n\t\t\t\t\t<\/div>\n\t\t<\/section>\n\t\t\t\t<\/div>\n\t\t","protected":false},"excerpt":{"rendered":"<p>Ab sofort erh\u00e4ltlich&#8230;\u00a0UNSERE NEUEN SCHACHTELN SIND DA!!!!Bei uns steht die Zeit nicht still, ohne Fortschritt &#8211; keine Zukunft!Daher werten wir unser Produkt stetig auf. Heute sind unsere neuen Schachteln eingetroffen. Das Umsteckverfahren ist daher ab sofort in neuem Design erh\u00e4ltlich.\u00a0Auch die Schachteln f\u00fcr unser neues Produkt JENTER VarroaSTOP, die Weltneuheit in der Varroabek\u00e4mpfung sind eingetroffen. [&hellip;]<\/p>\n","protected":false},"author":1,"featured_media":0,"parent":0,"menu_order":0,"comment_status":"closed","ping_status":"closed","template":"","meta":{"footnotes":""},"class_list":["post-600","page","type-page","status-publish","czr-hentry"],"_links":{"self":[{"href":"https:\/\/karl-jenter.eu\/home2\/wp-json\/wp\/v2\/pages\/600","targetHints":{"allow":["GET"]}}],"collection":[{"href":"https:\/\/karl-jenter.eu\/home2\/wp-json\/wp\/v2\/pages"}],"about":[{"href":"https:\/\/karl-jenter.eu\/home2\/wp-json\/wp\/v2\/types\/page"}],"author":[{"embeddable":true,"href":"https:\/\/karl-jenter.eu\/home2\/wp-json\/wp\/v2\/users\/1"}],"replies":[{"embeddable":true,"href":"https:\/\/karl-jenter.eu\/home2\/wp-json\/wp\/v2\/comments?post=600"}],"version-history":[{"count":3,"href":"https:\/\/karl-jenter.eu\/home2\/wp-json\/wp\/v2\/pages\/600\/revisions"}],"predecessor-version":[{"id":1437,"href":"https:\/\/karl-jenter.eu\/home2\/wp-json\/wp\/v2\/pages\/600\/revisions\/1437"}],"wp:attachment":[{"href":"https:\/\/karl-jenter.eu\/home2\/wp-json\/wp\/v2\/media?parent=600"}],"curies":[{"name":"wp","href":"https:\/\/api.w.org\/{rel}","templated":true}]}}