{"id":560,"date":"2021-04-11T02:21:52","date_gmt":"2021-04-11T02:21:52","guid":{"rendered":"https:\/\/test.karl-jenter.eu\/?page_id=560"},"modified":"2022-11-29T20:40:21","modified_gmt":"2022-11-29T20:40:21","slug":"faelschungen","status":"publish","type":"page","link":"https:\/\/karl-jenter.eu\/home2\/faelschungen","title":{"rendered":"F\u00e4lschungen"},"content":{"rendered":"\t\t<div data-elementor-type=\"wp-page\" data-elementor-id=\"560\" class=\"elementor elementor-560\">\n\t\t\t\t\t\t<section class=\"elementor-section elementor-top-section elementor-element elementor-element-385857f elementor-section-boxed elementor-section-height-default elementor-section-height-default\" data-id=\"385857f\" data-element_type=\"section\" data-e-type=\"section\">\n\t\t\t\t\t\t<div class=\"elementor-container elementor-column-gap-default\">\n\t\t\t\t\t<div class=\"elementor-column elementor-col-100 elementor-top-column elementor-element elementor-element-87f86cf\" data-id=\"87f86cf\" data-element_type=\"column\" data-e-type=\"column\">\n\t\t\t<div class=\"elementor-widget-wrap elementor-element-populated\">\n\t\t\t\t\t\t<div class=\"elementor-element elementor-element-635dcb5 elementor-widget elementor-widget-image\" data-id=\"635dcb5\" data-element_type=\"widget\" data-e-type=\"widget\" data-widget_type=\"image.default\">\n\t\t\t\t<div class=\"elementor-widget-container\">\n\t\t\t\t\t\t\t\t\t\t\t\t\t\t\t<img decoding=\"async\" src=\"https:\/\/test.karl-jenter.eu\/wp-content\/uploads\/2021\/04\/fake-news-2B-281-29-4289d700.png\" title=\"\" alt=\"\" loading=\"lazy\" \/>\t\t\t\t\t\t\t\t\t\t\t\t\t\t\t<\/div>\n\t\t\t\t<\/div>\n\t\t\t\t\t<\/div>\n\t\t<\/div>\n\t\t\t\t\t<\/div>\n\t\t<\/section>\n\t\t\t\t<section class=\"elementor-section elementor-top-section elementor-element elementor-element-ed57c53 elementor-section-boxed elementor-section-height-default elementor-section-height-default\" data-id=\"ed57c53\" data-element_type=\"section\" data-e-type=\"section\">\n\t\t\t\t\t\t<div class=\"elementor-container elementor-column-gap-default\">\n\t\t\t\t\t<div class=\"elementor-column elementor-col-100 elementor-top-column elementor-element elementor-element-ffe257c\" data-id=\"ffe257c\" data-element_type=\"column\" data-e-type=\"column\">\n\t\t\t<div class=\"elementor-widget-wrap elementor-element-populated\">\n\t\t\t\t\t\t<div class=\"elementor-element elementor-element-cbf1cfd elementor-widget elementor-widget-text-editor\" data-id=\"cbf1cfd\" data-element_type=\"widget\" data-e-type=\"widget\" data-widget_type=\"text-editor.default\">\n\t\t\t\t<div class=\"elementor-widget-container\">\n\t\t\t\t\t\t\t\t\t<h6 style=\"text-align: center;\"><strong><span style=\"font-size: 14pt;\"><span style=\"font-family: Glegoo;\">KUNDENHINWEISE<\/span><\/span><\/strong><\/h6>\t\t\t\t\t\t\t\t<\/div>\n\t\t\t\t<\/div>\n\t\t\t\t<div class=\"elementor-element elementor-element-73d80ef elementor-widget elementor-widget-text-editor\" data-id=\"73d80ef\" data-element_type=\"widget\" data-e-type=\"widget\" data-widget_type=\"text-editor.default\">\n\t\t\t\t<div class=\"elementor-widget-container\">\n\t\t\t\t\t\t\t\t\t<p style=\"text-align: center;\"><span style=\"text-decoration: underline;\"><span style=\"font-size: 14pt;\"><strong><span style=\"font-family: Glegoo;\">MERKMALE DES ORIGINAL KARL JENTER UMSTECKVERFAHRENS<\/span><\/strong><\/span><\/span><\/p><p style=\"text-align: left;\"><span style=\"font-family: Glegoo; font-size: 18pt;\"><br \/><\/span>Leider stellen wir immer h\u00e4ufiger fest, dass Plagiate unseres JENTER Umsteckverfahrens von absolut minderwertiger Qualit\u00e4t im Umlauf sind. Unsere Marke \u201eUmsteckverfahren JENTER\u201c wird gezielt genutzt um Kunden zu t\u00e4uschen. Mit diesen F\u00e4lschungen ist aufgrund der schlechten Qualit\u00e4t keine erfolgreiche K\u00f6niginnenzucht m\u00f6glich.<\/p><p style=\"text-align: left;\">Anhand der folgenden Merkmale k\u00f6nnen Sie das Original JENTER Umsteckverfahren erkennen:<\/p>\t\t\t\t\t\t\t\t<\/div>\n\t\t\t\t<\/div>\n\t\t\t\t<div class=\"elementor-element elementor-element-5a967a7 elementor-arrows-position-inside elementor-pagination-position-outside elementor-widget elementor-widget-image-carousel\" data-id=\"5a967a7\" data-element_type=\"widget\" data-e-type=\"widget\" data-settings=\"{&quot;slides_to_show&quot;:&quot;1&quot;,&quot;navigation&quot;:&quot;both&quot;,&quot;autoplay&quot;:&quot;yes&quot;,&quot;pause_on_hover&quot;:&quot;yes&quot;,&quot;pause_on_interaction&quot;:&quot;yes&quot;,&quot;autoplay_speed&quot;:5000,&quot;infinite&quot;:&quot;yes&quot;,&quot;effect&quot;:&quot;slide&quot;,&quot;speed&quot;:500}\" data-widget_type=\"image-carousel.default\">\n\t\t\t\t<div class=\"elementor-widget-container\">\n\t\t\t\t\t\t\t<div class=\"elementor-image-carousel-wrapper swiper\" role=\"region\" aria-roledescription=\"carousel\" aria-label=\"Bild Karussell\" dir=\"ltr\">\n\t\t\t<div class=\"elementor-image-carousel swiper-wrapper\" aria-live=\"off\">\n\t\t\t\t\t\t\t\t<div class=\"swiper-slide\" role=\"group\" aria-roledescription=\"slide\" aria-label=\"1 von 12\"><figure class=\"swiper-slide-inner\"><img decoding=\"async\" class=\"swiper-slide-image\" src=\"https:\/\/karl-jenter.eu\/wp-content\/uploads\/2022\/11\/1-d99e221d-e557e4d4-1920w-1024x741.webp\" alt=\"1-d99e221d-e557e4d4-1920w\" \/><\/figure><\/div><div class=\"swiper-slide\" role=\"group\" aria-roledescription=\"slide\" aria-label=\"2 von 12\"><figure class=\"swiper-slide-inner\"><img decoding=\"async\" class=\"swiper-slide-image\" src=\"https:\/\/karl-jenter.eu\/wp-content\/uploads\/2022\/11\/2-d753a9b4-1920w-1024x723.webp\" alt=\"2-d753a9b4-1920w\" \/><\/figure><\/div><div class=\"swiper-slide\" role=\"group\" aria-roledescription=\"slide\" aria-label=\"3 von 12\"><figure class=\"swiper-slide-inner\"><img decoding=\"async\" class=\"swiper-slide-image\" src=\"https:\/\/karl-jenter.eu\/wp-content\/uploads\/2022\/11\/4-1920w-1024x768.webp\" alt=\"4-1920w\" \/><\/figure><\/div><div class=\"swiper-slide\" role=\"group\" aria-roledescription=\"slide\" aria-label=\"4 von 12\"><figure class=\"swiper-slide-inner\"><img decoding=\"async\" class=\"swiper-slide-image\" src=\"https:\/\/karl-jenter.eu\/wp-content\/uploads\/2022\/11\/5-1920w-1024x768.webp\" alt=\"5-1920w\" \/><\/figure><\/div><div class=\"swiper-slide\" role=\"group\" aria-roledescription=\"slide\" aria-label=\"5 von 12\"><figure class=\"swiper-slide-inner\"><img decoding=\"async\" class=\"swiper-slide-image\" src=\"https:\/\/karl-jenter.eu\/wp-content\/uploads\/2022\/11\/7-1920w-1024x768.webp\" alt=\"7-1920w\" \/><\/figure><\/div><div class=\"swiper-slide\" role=\"group\" aria-roledescription=\"slide\" aria-label=\"6 von 12\"><figure class=\"swiper-slide-inner\"><img decoding=\"async\" class=\"swiper-slide-image\" src=\"https:\/\/karl-jenter.eu\/wp-content\/uploads\/2022\/11\/8-1920w-1024x768.webp\" alt=\"8-1920w\" \/><\/figure><\/div><div class=\"swiper-slide\" role=\"group\" aria-roledescription=\"slide\" aria-label=\"7 von 12\"><figure class=\"swiper-slide-inner\"><img decoding=\"async\" class=\"swiper-slide-image\" src=\"https:\/\/karl-jenter.eu\/wp-content\/uploads\/2022\/11\/9-1920w-1024x768.webp\" alt=\"9-1920w\" \/><\/figure><\/div><div class=\"swiper-slide\" role=\"group\" aria-roledescription=\"slide\" aria-label=\"8 von 12\"><figure class=\"swiper-slide-inner\"><img decoding=\"async\" class=\"swiper-slide-image\" src=\"https:\/\/karl-jenter.eu\/wp-content\/uploads\/2022\/11\/10-1920w-1024x768.webp\" alt=\"10-1920w\" \/><\/figure><\/div><div class=\"swiper-slide\" role=\"group\" aria-roledescription=\"slide\" aria-label=\"9 von 12\"><figure class=\"swiper-slide-inner\"><img decoding=\"async\" class=\"swiper-slide-image\" src=\"https:\/\/karl-jenter.eu\/wp-content\/uploads\/2022\/11\/13-1920w-1024x768.webp\" alt=\"13-1920w\" \/><\/figure><\/div><div class=\"swiper-slide\" role=\"group\" aria-roledescription=\"slide\" aria-label=\"10 von 12\"><figure class=\"swiper-slide-inner\"><img decoding=\"async\" class=\"swiper-slide-image\" src=\"https:\/\/karl-jenter.eu\/wp-content\/uploads\/2022\/11\/14-1920w-1024x768.webp\" alt=\"14-1920w\" \/><\/figure><\/div><div class=\"swiper-slide\" role=\"group\" aria-roledescription=\"slide\" aria-label=\"11 von 12\"><figure class=\"swiper-slide-inner\"><img decoding=\"async\" class=\"swiper-slide-image\" src=\"https:\/\/karl-jenter.eu\/wp-content\/uploads\/2022\/11\/15-0df36ada-1920w-1024x741.webp\" alt=\"15-0df36ada-1920w\" \/><\/figure><\/div><div class=\"swiper-slide\" role=\"group\" aria-roledescription=\"slide\" aria-label=\"12 von 12\"><figure class=\"swiper-slide-inner\"><img decoding=\"async\" class=\"swiper-slide-image\" src=\"https:\/\/karl-jenter.eu\/wp-content\/uploads\/2022\/11\/16-1920w-1024x768.webp\" alt=\"16-1920w\" \/><\/figure><\/div>\t\t\t<\/div>\n\t\t\t\t\t\t\t\t\t\t\t\t<div class=\"elementor-swiper-button elementor-swiper-button-prev\" role=\"button\" tabindex=\"0\">\n\t\t\t\t\t\t<i aria-hidden=\"true\" class=\"eicon-chevron-left\"><\/i>\t\t\t\t\t<\/div>\n\t\t\t\t\t<div class=\"elementor-swiper-button elementor-swiper-button-next\" role=\"button\" tabindex=\"0\">\n\t\t\t\t\t\t<i aria-hidden=\"true\" class=\"eicon-chevron-right\"><\/i>\t\t\t\t\t<\/div>\n\t\t\t\t\n\t\t\t\t\t\t\t\t\t<div class=\"swiper-pagination\"><\/div>\n\t\t\t\t\t\t\t\t\t<\/div>\n\t\t\t\t\t\t<\/div>\n\t\t\t\t<\/div>\n\t\t\t\t<div class=\"elementor-element elementor-element-646f092 elementor-widget elementor-widget-text-editor\" data-id=\"646f092\" data-element_type=\"widget\" data-e-type=\"widget\" data-widget_type=\"text-editor.default\">\n\t\t\t\t<div class=\"elementor-widget-container\">\n\t\t\t\t\t\t\t\t\t<div style=\"text-align: left;\">Sie sind unsicher, ob Sie ein Original JENTER Umsteckverfahren erworben haben? Senden Sie uns Ihre Teile samt Rechnung zu. Wir nehmen kostenlos eine \u00dcberpr\u00fcfung vor.&nbsp;&nbsp;<\/div>\n<div style=\"text-align: left;\">&nbsp;<\/div>\n<div style=\"text-align: left;\">Sollten Sie tats\u00e4chlich eine F\u00e4lschung erworben haben, tauschen wir die Teile durch JENTER Originalteile aus, damit einer erfolgreichen K\u00f6niginnenzucht nichts im Wege steht.<\/div>\n<div style=\"text-align: left;\">&nbsp;<\/div>\n<div style=\"text-align: left;\">Gerne k\u00f6nnen Sie uns auch \u00fcber folgende Wege kontaktieren:<\/div>\n<div style=\"text-align: left;\">E-Mail: info@karl-jenter.eu<\/div>\n<div style=\"text-align: left;\">Phone: +49 7022 39880&nbsp;<\/div>\n<div style=\"text-align: left;\">&nbsp;<\/div>\n<div style=\"text-align: left;\">Post: Karl Jenter GmbH<\/div>\n<div style=\"text-align: left;\">&nbsp;Steinbeisstra\u00dfe 5<\/div>\n<div style=\"text-align: left;\">&nbsp;72636 Frickenhausen<\/div>\n<div style=\"text-align: left;\">&nbsp;<\/div>\n<div style=\"text-align: left;\">Ihre Karl Jenter GmbH<\/div>\t\t\t\t\t\t\t\t<\/div>\n\t\t\t\t<\/div>\n\t\t\t\t\t<\/div>\n\t\t<\/div>\n\t\t\t\t\t<\/div>\n\t\t<\/section>\n\t\t\t\t<\/div>\n\t\t","protected":false},"excerpt":{"rendered":"<p>KUNDENHINWEISE MERKMALE DES ORIGINAL KARL JENTER UMSTECKVERFAHRENS Leider stellen wir immer h\u00e4ufiger fest, dass Plagiate unseres JENTER Umsteckverfahrens von absolut minderwertiger Qualit\u00e4t im Umlauf sind. Unsere Marke \u201eUmsteckverfahren JENTER\u201c wird gezielt genutzt um Kunden zu t\u00e4uschen. Mit diesen F\u00e4lschungen ist aufgrund der schlechten Qualit\u00e4t keine erfolgreiche K\u00f6niginnenzucht m\u00f6glich. Anhand der folgenden Merkmale k\u00f6nnen Sie das [&hellip;]<\/p>\n","protected":false},"author":1,"featured_media":0,"parent":0,"menu_order":0,"comment_status":"closed","ping_status":"closed","template":"","meta":{"footnotes":""},"class_list":["post-560","page","type-page","status-publish","czr-hentry"],"_links":{"self":[{"href":"https:\/\/karl-jenter.eu\/home2\/wp-json\/wp\/v2\/pages\/560","targetHints":{"allow":["GET"]}}],"collection":[{"href":"https:\/\/karl-jenter.eu\/home2\/wp-json\/wp\/v2\/pages"}],"about":[{"href":"https:\/\/karl-jenter.eu\/home2\/wp-json\/wp\/v2\/types\/page"}],"author":[{"embeddable":true,"href":"https:\/\/karl-jenter.eu\/home2\/wp-json\/wp\/v2\/users\/1"}],"replies":[{"embeddable":true,"href":"https:\/\/karl-jenter.eu\/home2\/wp-json\/wp\/v2\/comments?post=560"}],"version-history":[{"count":6,"href":"https:\/\/karl-jenter.eu\/home2\/wp-json\/wp\/v2\/pages\/560\/revisions"}],"predecessor-version":[{"id":1434,"href":"https:\/\/karl-jenter.eu\/home2\/wp-json\/wp\/v2\/pages\/560\/revisions\/1434"}],"wp:attachment":[{"href":"https:\/\/karl-jenter.eu\/home2\/wp-json\/wp\/v2\/media?parent=560"}],"curies":[{"name":"wp","href":"https:\/\/api.w.org\/{rel}","templated":true}]}}