{"id":426,"date":"2021-04-03T03:45:49","date_gmt":"2021-04-03T03:45:49","guid":{"rendered":"https:\/\/test.karl-jenter.eu\/?page_id=19"},"modified":"2025-09-11T20:47:16","modified_gmt":"2025-09-11T20:47:16","slug":"impressum-2","status":"publish","type":"page","link":"https:\/\/karl-jenter.eu\/home2\/impressum-2","title":{"rendered":"Impressum"},"content":{"rendered":"\t\t<div data-elementor-type=\"wp-page\" data-elementor-id=\"426\" class=\"elementor elementor-426\">\n\t\t\t\t\t\t<section class=\"elementor-section elementor-top-section elementor-element elementor-element-6f66897 elementor-section-boxed elementor-section-height-default elementor-section-height-default\" data-id=\"6f66897\" data-element_type=\"section\" data-e-type=\"section\">\n\t\t\t\t\t\t<div class=\"elementor-container elementor-column-gap-default\">\n\t\t\t\t\t<div class=\"elementor-column elementor-col-100 elementor-top-column elementor-element elementor-element-2dd9d0d\" data-id=\"2dd9d0d\" data-element_type=\"column\" data-e-type=\"column\">\n\t\t\t<div class=\"elementor-widget-wrap elementor-element-populated\">\n\t\t\t\t\t\t<div class=\"elementor-element elementor-element-66a2589 elementor-widget elementor-widget-text-editor\" data-id=\"66a2589\" data-element_type=\"widget\" data-e-type=\"widget\" data-widget_type=\"text-editor.default\">\n\t\t\t\t<div class=\"elementor-widget-container\">\n\t\t\t\t\t\t\t\t\t<div id=\"1118489846\" class=\"dmRespRow dmDefaultListContentRow u_1118489846\"><div id=\"1389500289\" class=\"dmRespColsWrapper\"><div id=\"1541071863\" class=\"large-12 medium-12 small-12 dmRespCol\"><h4 id=\"1099921799\" class=\"u_1099921799 dmNewParagraph\" data-editor-state=\"closed\" data-uialign=\"center\" data-inject=\"impressum-paragraphTitle1\" data-element-type=\"paragraph\">Verantwortlich:<\/h4><div id=\"1242833016\" class=\"u_1242833016 dmNewParagraph\" data-inject=\"impressum-paragraphText1\" data-uialign=\"center\" data-dmtmpl=\"true\">Karl-Heinz Jenter<\/div><h4 id=\"1669622938\" class=\"u_1669622938 dmNewParagraph\" data-inject=\"impressum-paragraphTitle2\" data-uialign=\"center\" data-element-type=\"paragraph\">Kontakt:<\/h4><div id=\"1239912859\" class=\"u_1239912859 dmNewParagraph\" data-inject=\"impressum-paragraphText2\" data-uialign=\"center\" data-dmtmpl=\"true\"><div>Karl Jenter GmbH<\/div><div>Eschenweg 17<\/div><div>72622 N\u00fcrtingen<\/div><div>\u00a0<\/div><div>Tel. +49 (0)7022 39880 (voraussichtlich bis 12\/2025 telefonisch nicht erreichbar)<\/div><div>Fax +49 (0)7022 39880<\/div><div>\u00a0<\/div><div>info@karl-jenter.eu<\/div><div>www.karl-jenter.eu<\/div><div>\u00a0<\/div><div>Vertreten durch:<\/div><div>Karl-Heinz Jenter<\/div><\/div><h4 id=\"1428066521\" class=\"u_1428066521 dmNewParagraph\" data-inject=\"impressum-paragraphTitle3\" data-uialign=\"center\" data-element-type=\"paragraph\">Registereintrag:<\/h4><div id=\"1610766886\" class=\"u_1610766886 dmNewParagraph\" data-inject=\"impressum-paragraphText3\" data-uialign=\"center\" data-dmtmpl=\"true\">HRB 751423<\/div><h4 id=\"1922097649\" class=\"u_1922097649 dmNewParagraph\" data-inject=\"impressum-paragraphTitle4\" data-uialign=\"center\" data-element-type=\"paragraph\">Umsatzsteuer-ID gem. \u00a727a Umsatzsteuergesetz:<\/h4><div id=\"1482594675\" class=\"u_1482594675 dmNewParagraph\" data-inject=\"impressum-paragraphText4\" data-uialign=\"center\" data-dmtmpl=\"true\" data-styletopreserve=\"{\">DE815438108<\/div><h4 id=\"1179915031\" class=\"u_1179915031 dmNewParagraph\" data-inject=\"impressum-paragraphTitle5\" data-uialign=\"center\" data-element-type=\"paragraph\">Wirtschafts-Identifikationsnummer:<\/h4><div id=\"1732750755\" class=\"u_1732750755 dmNewParagraph\" data-inject=\"impressum-paragraphText5\" data-uialign=\"center\" data-dmtmpl=\"true\">Bitte tragen Sie hier Ihre Wirtschafts-Identifikationsnummer ein<\/div><h4 id=\"1842428427\" class=\"u_1842428427 dmNewParagraph\" data-inject=\"impressum-paragraphTitle6\" data-uialign=\"center\" data-element-type=\"paragraph\">Aufsichtsbeh\u00f6rde:<\/h4><div id=\"1925120454\" class=\"u_1925120454 dmNewParagraph\" data-inject=\"impressum-paragraphText6\" data-uialign=\"center\" data-dmtmpl=\"true\">AG Stuttgart<\/div><\/div><\/div><\/div><div id=\"1576612557\" class=\"u_1576612557 dmRespRow\"><div id=\"1219232389\" class=\"dmRespColsWrapper\"><div id=\"1697214941\" class=\"u_1697214941 dmRespCol small-12 large-8 medium-8\"><div id=\"1693953153\" class=\"u_1693953153 dmDividerWrapper clearfix\" data-element-type=\"dDividerId\"><hr id=\"1903634072\" class=\"dmDivider\" \/><\/div><div id=\"1381658925\" class=\"dmNewParagraph u_1381658925\" data-dmtmpl=\"true\" data-uialign=\"left\"><div>\u00a0<\/div><div><p>Haftungsausschluss:<\/p><p>Haftung f\u00fcr Inhalte<\/p><p>Die Inhalte unserer Seiten wurden mit gr\u00f6\u00dfter Sorgfalt erstellt. F\u00fcr die Richtigkeit, Vollst\u00e4ndigkeit und Aktualit\u00e4t der Inhalte k\u00f6nnen wir jedoch keine Gew\u00e4hr \u00fcbernehmen. Als Diensteanbieter sind wir gem\u00e4\u00df \u00a7 7 Abs.1 TMG f\u00fcr eigene Inhalte auf diesen Seiten nach den allgemeinen Gesetzen verantwortlich. Nach \u00a7\u00a7 8 bis 10 TMG sind wir als Diensteanbieter jedoch nicht verpflichtet, \u00fcbermittelte oder gespeicherte fremde Informationen zu \u00fcberwachen oder nach Umst\u00e4nden zu forschen, die auf eine rechtswidrige T\u00e4tigkeit hinweisen. Verpflichtungen zur Entfernung oder Sperrung der Nutzung von Informationen nach den allgemeinen Gesetzen bleiben hiervon unber\u00fchrt. Eine diesbez\u00fcgliche Haftung ist jedoch erst ab dem Zeitpunkt der Kenntnis einer konkreten Rechtsverletzung m\u00f6glich. Bei Bekanntwerden von entsprechenden Rechtsverletzungen werden wir diese Inhalte umgehend entfernen.<\/p><p>Haftung f\u00fcr Links<\/p><p>Unser Angebot enth\u00e4lt Links zu externen Webseiten Dritter, auf deren Inhalte wir keinen Einfluss haben. Deshalb k\u00f6nnen wir f\u00fcr diese fremden Inhalte auch keine Gew\u00e4hr \u00fcbernehmen. F\u00fcr die Inhalte der verlinkten Seiten ist stets der jeweilige Anbieter oder Betreiber der Seiten verantwortlich. Die verlinkten Seiten wurden zum Zeitpunkt der Verlinkung auf m\u00f6gliche Rechtsverst\u00f6\u00dfe \u00fcberpr\u00fcft. Rechtswidrige Inhalte waren zum Zeitpunkt der Verlinkung nicht erkennbar. Eine permanente inhaltliche Kontrolle der verlinkten Seiten ist jedoch ohne konkrete Anhaltspunkte einer Rechtsverletzung nicht zumutbar. Bei Bekanntwerden von Rechtsverletzungen werden wir derartige Links umgehend entfernen.<\/p><p>Urheberrecht<\/p><p>Die durch die Seitenbetreiber erstellten Inhalte und Werke auf diesen Seiten unterliegen dem deutschen Urheberrecht. Die Vervielf\u00e4ltigung, Bearbeitung, Verbreitung und jede Art der Verwertung au\u00dferhalb der Grenzen des Urheberrechtes bed\u00fcrfen der schriftlichen Zustimmung des jeweiligen Autors bzw. Erstellers. Downloads und Kopien dieser Seite sind nur f\u00fcr den privaten, nicht kommerziellen Gebrauch gestattet. Soweit die Inhalte auf dieser Seite nicht vom Betreiber erstellt wurden, werden die Urheberrechte Dritter beachtet. Insbesondere werden Inhalte Dritter als solche gekennzeichnet. Sollten Sie trotzdem auf eine Urheberrechtsverletzung aufmerksam werden, bitten wir um einen entsprechenden Hinweis. Bei Bekanntwerden von Rechtsverletzungen werden wir derartige Inhalte umgehend entfernen.<\/p><p>Datenschutz<\/p><p>Die Nutzung unserer Webseite ist in der Regel ohne Angabe personenbezogener Daten m\u00f6glich. Soweit auf unseren Seiten personenbezogene Daten (beispielsweise Name, Anschrift oder eMail-Adressen) erhoben werden, erfolgt dies, soweit m\u00f6glich, stets auf freiwilliger Basis. Diese Daten werden ohne Ihre ausdr\u00fcckliche Zustimmung nicht an Dritte weitergegeben.<br \/>Wir weisen darauf hin, dass die Daten\u00fcbertragung im Internet (z.B. bei der Kommunikation per E-Mail) Sicherheitsl\u00fccken aufweisen kann. Ein l\u00fcckenloser Schutz der Daten vor dem Zugriff durch Dritte ist nicht m\u00f6glich.<br \/>Der Nutzung von im Rahmen der Impressumspflicht ver\u00f6ffentlichten Kontaktdaten durch Dritte zur \u00dcbersendung von nicht ausdr\u00fccklich angeforderter Werbung und Informationsmaterialien wird hiermit ausdr\u00fccklich widersprochen. Die Betreiber der Seiten behalten sich ausdr\u00fccklich rechtliche Schritte im Falle der unverlangten Zusendung von Werbeinformationen, etwa durch Spam-Mails, vor.<\/p><p>Impressum vom Impressum Generator der Kanzlei Hasselbach, Bonn<\/p><\/div><\/div><\/div><\/div><\/div>\t\t\t\t\t\t\t\t<\/div>\n\t\t\t\t<\/div>\n\t\t\t\t\t<\/div>\n\t\t<\/div>\n\t\t\t\t\t<\/div>\n\t\t<\/section>\n\t\t\t\t<\/div>\n\t\t","protected":false},"excerpt":{"rendered":"<p>Verantwortlich: Karl-Heinz Jenter Kontakt: Karl Jenter GmbHEschenweg 1772622 N\u00fcrtingen\u00a0Tel. +49 (0)7022 39880 (voraussichtlich bis 12\/2025 telefonisch nicht erreichbar)Fax +49 (0)7022 39880\u00a0info@karl-jenter.euwww.karl-jenter.eu\u00a0Vertreten durch:Karl-Heinz Jenter Registereintrag: HRB 751423 Umsatzsteuer-ID gem. \u00a727a Umsatzsteuergesetz: DE815438108 Wirtschafts-Identifikationsnummer: Bitte tragen Sie hier Ihre Wirtschafts-Identifikationsnummer ein Aufsichtsbeh\u00f6rde: AG Stuttgart \u00a0 Haftungsausschluss: Haftung f\u00fcr Inhalte Die Inhalte unserer Seiten wurden mit gr\u00f6\u00dfter Sorgfalt [&hellip;]<\/p>\n","protected":false},"author":1,"featured_media":0,"parent":0,"menu_order":0,"comment_status":"closed","ping_status":"closed","template":"","meta":{"footnotes":""},"class_list":["post-426","page","type-page","status-publish","czr-hentry"],"_links":{"self":[{"href":"https:\/\/karl-jenter.eu\/home2\/wp-json\/wp\/v2\/pages\/426","targetHints":{"allow":["GET"]}}],"collection":[{"href":"https:\/\/karl-jenter.eu\/home2\/wp-json\/wp\/v2\/pages"}],"about":[{"href":"https:\/\/karl-jenter.eu\/home2\/wp-json\/wp\/v2\/types\/page"}],"author":[{"embeddable":true,"href":"https:\/\/karl-jenter.eu\/home2\/wp-json\/wp\/v2\/users\/1"}],"replies":[{"embeddable":true,"href":"https:\/\/karl-jenter.eu\/home2\/wp-json\/wp\/v2\/comments?post=426"}],"version-history":[{"count":7,"href":"https:\/\/karl-jenter.eu\/home2\/wp-json\/wp\/v2\/pages\/426\/revisions"}],"predecessor-version":[{"id":1625,"href":"https:\/\/karl-jenter.eu\/home2\/wp-json\/wp\/v2\/pages\/426\/revisions\/1625"}],"wp:attachment":[{"href":"https:\/\/karl-jenter.eu\/home2\/wp-json\/wp\/v2\/media?parent=426"}],"curies":[{"name":"wp","href":"https:\/\/api.w.org\/{rel}","templated":true}]}}