{"id":422,"date":"2021-04-03T03:38:48","date_gmt":"2021-04-03T03:38:48","guid":{"rendered":"https:\/\/test.karl-jenter.eu\/?page_id=9"},"modified":"2022-11-22T21:33:20","modified_gmt":"2022-11-22T21:33:20","slug":"ueber-uns-2","status":"publish","type":"page","link":"https:\/\/karl-jenter.eu\/home2\/ueber-uns-2","title":{"rendered":"\u00dcber uns"},"content":{"rendered":"\t\t<div data-elementor-type=\"wp-page\" data-elementor-id=\"422\" class=\"elementor elementor-422\">\n\t\t\t\t\t\t<section class=\"elementor-section elementor-top-section elementor-element elementor-element-e58f3f0 elementor-section-boxed elementor-section-height-default elementor-section-height-default\" data-id=\"e58f3f0\" data-element_type=\"section\" data-e-type=\"section\">\n\t\t\t\t\t\t<div class=\"elementor-container elementor-column-gap-default\">\n\t\t\t\t\t<div class=\"elementor-column elementor-col-50 elementor-top-column elementor-element elementor-element-649946c\" data-id=\"649946c\" data-element_type=\"column\" data-e-type=\"column\">\n\t\t\t<div class=\"elementor-widget-wrap elementor-element-populated\">\n\t\t\t\t\t\t<div class=\"elementor-element elementor-element-43576b7 elementor-widget elementor-widget-image\" data-id=\"43576b7\" data-element_type=\"widget\" data-e-type=\"widget\" data-widget_type=\"image.default\">\n\t\t\t\t<div class=\"elementor-widget-container\">\n\t\t\t\t\t\t\t\t\t\t\t\t\t\t\t<img fetchpriority=\"high\" decoding=\"async\" width=\"240\" height=\"312\" src=\"https:\/\/karl-jenter.eu\/wp-content\/uploads\/2022\/11\/31-320w.webp\" class=\"attachment-large size-large wp-image-1248\" alt=\"\" srcset=\"https:\/\/karl-jenter.eu\/wp-content\/uploads\/2022\/11\/31-320w.webp 240w, https:\/\/karl-jenter.eu\/wp-content\/uploads\/2022\/11\/31-320w-231x300.webp 231w\" sizes=\"(max-width: 240px) 100vw, 240px\" \/>\t\t\t\t\t\t\t\t\t\t\t\t\t\t\t<\/div>\n\t\t\t\t<\/div>\n\t\t\t\t\t<\/div>\n\t\t<\/div>\n\t\t\t\t<div class=\"elementor-column elementor-col-50 elementor-top-column elementor-element elementor-element-f9723c0\" data-id=\"f9723c0\" data-element_type=\"column\" data-e-type=\"column\">\n\t\t\t<div class=\"elementor-widget-wrap elementor-element-populated\">\n\t\t\t\t\t\t<div class=\"elementor-element elementor-element-4ce1e26 elementor-widget elementor-widget-heading\" data-id=\"4ce1e26\" data-element_type=\"widget\" data-e-type=\"widget\" data-widget_type=\"heading.default\">\n\t\t\t\t<div class=\"elementor-widget-container\">\n\t\t\t\t\t<h2 class=\"elementor-heading-title elementor-size-default\">Karl Jenter<\/h2>\t\t\t\t<\/div>\n\t\t\t\t<\/div>\n\t\t\t\t<div class=\"elementor-element elementor-element-461dcc4 elementor-widget elementor-widget-text-editor\" data-id=\"461dcc4\" data-element_type=\"widget\" data-e-type=\"widget\" data-widget_type=\"text-editor.default\">\n\t\t\t\t<div class=\"elementor-widget-container\">\n\t\t\t\t\t\t\t\t\t<div style=\"box-sizing: border-box; border: 0px solid #333333; -webkit-font-smoothing: antialiased; -webkit-tap-highlight-color: transparent; color: #111111; font-family: 'Open Sans'; font-size: 16px; font-style: normal; font-variant-ligatures: normal; font-variant-caps: normal; font-weight: 400; letter-spacing: normal; orphans: 2; text-align: left; text-indent: 0px; text-transform: none; white-space: normal; widows: 2; word-spacing: 0px; -webkit-text-stroke-width: 0px; background-color: #ffffff; text-decoration-thickness: initial; text-decoration-style: initial; text-decoration-color: initial;\">Karl Jenter, im Jahr 1923 geboren, interessierte sich schon als Schuljunge f\u00fcr die Imkerei, da sein Vater selbst erfahrener Imker war. Ab 1945 setzte er sich intensiver mit der Imkerei auseinander und sammelte schon in fr\u00fchen Jahren wichtige Erfahrungen in diesem Bereich.<\/div><div style=\"box-sizing: border-box; border: 0px solid #333333; -webkit-font-smoothing: antialiased; -webkit-tap-highlight-color: transparent; color: #111111; font-family: 'Open Sans'; font-size: 16px; font-style: normal; font-variant-ligatures: normal; font-variant-caps: normal; font-weight: 400; letter-spacing: normal; orphans: 2; text-align: left; text-indent: 0px; text-transform: none; white-space: normal; widows: 2; word-spacing: 0px; -webkit-text-stroke-width: 0px; background-color: #ffffff; text-decoration-thickness: initial; text-decoration-style: initial; text-decoration-color: initial;\">\u00a0<\/div><div style=\"box-sizing: border-box; border: 0px solid #333333; -webkit-font-smoothing: antialiased; -webkit-tap-highlight-color: transparent; color: #111111; font-family: 'Open Sans'; font-size: 16px; font-style: normal; font-variant-ligatures: normal; font-variant-caps: normal; font-weight: 400; letter-spacing: normal; orphans: 2; text-align: left; text-indent: 0px; text-transform: none; white-space: normal; widows: 2; word-spacing: 0px; -webkit-text-stroke-width: 0px; background-color: #ffffff; text-decoration-thickness: initial; text-decoration-style: initial; text-decoration-color: initial;\">Als erfahrener Konstrukteur begann er Anfang der 80er Jahre mit der Entwicklung des Umsteckverfahrens. Einem Ger\u00e4t zur K\u00f6niginnenzucht, das jedem Imker erm\u00f6glicht einfach und problemlos Bienenk\u00f6niginnen zu z\u00fcchten. Mit dem Fortschritt der Entwicklung gr\u00fcndete er 1983 die gleichnamige Firma Karl Jenter.<\/div><div style=\"box-sizing: border-box; border: 0px solid #333333; -webkit-font-smoothing: antialiased; -webkit-tap-highlight-color: transparent; color: #111111; font-family: 'Open Sans'; font-size: 16px; font-style: normal; font-variant-ligatures: normal; font-variant-caps: normal; font-weight: 400; letter-spacing: normal; orphans: 2; text-align: left; text-indent: 0px; text-transform: none; white-space: normal; widows: 2; word-spacing: 0px; -webkit-text-stroke-width: 0px; background-color: #ffffff; text-decoration-thickness: initial; text-decoration-style: initial; text-decoration-color: initial;\">\u00a0<\/div><div style=\"box-sizing: border-box; border: 0px solid #333333; -webkit-font-smoothing: antialiased; -webkit-tap-highlight-color: transparent; color: #111111; font-family: 'Open Sans'; font-size: 16px; font-style: normal; font-variant-ligatures: normal; font-variant-caps: normal; font-weight: 400; letter-spacing: normal; orphans: 2; text-align: left; text-indent: 0px; text-transform: none; white-space: normal; widows: 2; word-spacing: 0px; -webkit-text-stroke-width: 0px; background-color: #ffffff; text-decoration-thickness: initial; text-decoration-style: initial; text-decoration-color: initial;\">Bekannt wurde Karl Jenter in den Jahren 1987 &#8211; 1990 als Urheber des Umsteckverfahrens, in denen er f\u00fcr seine Entwicklung in der K\u00f6niginnenzucht insgesamt drei bedeutende Auszeichnungen erhielt.\u00a0\u00a0\u00a0\u00a0<\/div><div style=\"box-sizing: border-box; border: 0px solid #333333; -webkit-font-smoothing: antialiased; -webkit-tap-highlight-color: transparent; color: #111111; font-family: 'Open Sans'; font-size: 16px; font-style: normal; font-variant-ligatures: normal; font-variant-caps: normal; font-weight: 400; letter-spacing: normal; orphans: 2; text-align: left; text-indent: 0px; text-transform: none; white-space: normal; widows: 2; word-spacing: 0px; -webkit-text-stroke-width: 0px; background-color: #ffffff; text-decoration-thickness: initial; text-decoration-style: initial; text-decoration-color: initial;\">-1987 die Apimondia Goldmedaille in Warschau\u00a0\u00a0\u00a0\u00a0\u00a0\u00a0\u00a0\u00a0\u00a0\u00a0\u00a0<\/div><div style=\"box-sizing: border-box; border: 0px solid #333333; -webkit-font-smoothing: antialiased; -webkit-tap-highlight-color: transparent; color: #111111; font-family: 'Open Sans'; font-size: 16px; font-style: normal; font-variant-ligatures: normal; font-variant-caps: normal; font-weight: 400; letter-spacing: normal; orphans: 2; text-align: left; text-indent: 0px; text-transform: none; white-space: normal; widows: 2; word-spacing: 0px; -webkit-text-stroke-width: 0px; background-color: #ffffff; text-decoration-thickness: initial; text-decoration-style: initial; text-decoration-color: initial;\">-1989 die Jahn Dzierzan Goldmedaille in Rio de Janeiro\u00a0\u00a0\u00a0\u00a0\u00a0\u00a0\u00a0<\/div><div style=\"box-sizing: border-box; border: 0px solid #333333; -webkit-font-smoothing: antialiased; -webkit-tap-highlight-color: transparent; color: #111111; font-family: 'Open Sans'; font-size: 16px; font-style: normal; font-variant-ligatures: normal; font-variant-caps: normal; font-weight: 400; letter-spacing: normal; orphans: 2; text-align: left; text-indent: 0px; text-transform: none; white-space: normal; widows: 2; word-spacing: 0px; -webkit-text-stroke-width: 0px; background-color: #ffffff; text-decoration-thickness: initial; text-decoration-style: initial; text-decoration-color: initial;\">-1990 die Balkan Goldmedaille in Belgrad<\/div><div style=\"box-sizing: border-box; border: 0px solid #333333; -webkit-font-smoothing: antialiased; -webkit-tap-highlight-color: transparent; color: #111111; font-family: 'Open Sans'; font-size: 16px; font-style: normal; font-variant-ligatures: normal; font-variant-caps: normal; font-weight: 400; letter-spacing: normal; orphans: 2; text-align: left; text-indent: 0px; text-transform: none; white-space: normal; widows: 2; word-spacing: 0px; -webkit-text-stroke-width: 0px; background-color: #ffffff; text-decoration-thickness: initial; text-decoration-style: initial; text-decoration-color: initial;\">\u00a0<\/div><div style=\"box-sizing: border-box; border: 0px solid #333333; -webkit-font-smoothing: antialiased; -webkit-tap-highlight-color: transparent; color: #111111; font-family: 'Open Sans'; font-size: 16px; font-style: normal; font-variant-ligatures: normal; font-variant-caps: normal; font-weight: 400; letter-spacing: normal; orphans: 2; text-align: left; text-indent: 0px; text-transform: none; white-space: normal; widows: 2; word-spacing: 0px; -webkit-text-stroke-width: 0px; background-color: #ffffff; text-decoration-thickness: initial; text-decoration-style: initial; text-decoration-color: initial;\">Sp\u00e4ter reiste er durch die ganze Welt, von Messe zu Messe, um sein Umsteckverfahren noch bekannter zu machen und seine neusten Entwicklungen vorzustellen.<\/div><div style=\"box-sizing: border-box; border: 0px solid #333333; -webkit-font-smoothing: antialiased; -webkit-tap-highlight-color: transparent; color: #111111; font-family: 'Open Sans'; font-size: 16px; font-style: normal; font-variant-ligatures: normal; font-variant-caps: normal; font-weight: 400; letter-spacing: normal; orphans: 2; text-align: left; text-indent: 0px; text-transform: none; white-space: normal; widows: 2; word-spacing: 0px; -webkit-text-stroke-width: 0px; background-color: #ffffff; text-decoration-thickness: initial; text-decoration-style: initial; text-decoration-color: initial;\">\u00a0<\/div><div style=\"box-sizing: border-box; border: 0px solid #333333; -webkit-font-smoothing: antialiased; -webkit-tap-highlight-color: transparent; color: #111111; font-family: 'Open Sans'; font-size: 16px; font-style: normal; font-variant-ligatures: normal; font-variant-caps: normal; font-weight: 400; letter-spacing: normal; orphans: 2; text-align: left; text-indent: 0px; text-transform: none; white-space: normal; widows: 2; word-spacing: 0px; -webkit-text-stroke-width: 0px; background-color: #ffffff; text-decoration-thickness: initial; text-decoration-style: initial; text-decoration-color: initial;\">In den vergangenen Jahren arbeitete er an weiteren fortschrittlichen Entwicklungen, wie beispielsweise einer K\u00f6niginnenzange, mit der K\u00f6niginnen einfach und sicher gehalten werden k\u00f6nnen um sie einfacher zeichnen zu k\u00f6nnen.<\/div><div style=\"box-sizing: border-box; border: 0px solid #333333; -webkit-font-smoothing: antialiased; -webkit-tap-highlight-color: transparent; color: #111111; font-family: 'Open Sans'; font-size: 16px; font-style: normal; font-variant-ligatures: normal; font-variant-caps: normal; font-weight: 400; letter-spacing: normal; orphans: 2; text-align: left; text-indent: 0px; text-transform: none; white-space: normal; widows: 2; word-spacing: 0px; -webkit-text-stroke-width: 0px; background-color: #ffffff; text-decoration-thickness: initial; text-decoration-style: initial; text-decoration-color: initial;\">\u00a0<\/div><div style=\"box-sizing: border-box; border: 0px solid #333333; -webkit-font-smoothing: antialiased; -webkit-tap-highlight-color: transparent; color: #111111; font-family: 'Open Sans'; font-size: 16px; font-style: normal; font-variant-ligatures: normal; font-variant-caps: normal; font-weight: 400; letter-spacing: normal; orphans: 2; text-align: left; text-indent: 0px; text-transform: none; white-space: normal; widows: 2; word-spacing: 0px; -webkit-text-stroke-width: 0px; background-color: #ffffff; text-decoration-thickness: initial; text-decoration-style: initial; text-decoration-color: initial;\">Er widmete sich anfangs stark dem Fortschritt in der K\u00f6niginnenzucht. In den letzten Jahren begann er mit einer ganz neuartigen Entwicklung, einem Ger\u00e4t mit dem Gel\u00e9e Royale in gro\u00dfen Mengen gewonnen werden kann. Hierzu wurden in den letzten Jahren mehrere Prototypen hergestellt und zahlreiche Versuche durchgef\u00fchrt.<\/div><div style=\"box-sizing: border-box; border: 0px solid #333333; -webkit-font-smoothing: antialiased; -webkit-tap-highlight-color: transparent; color: #111111; font-family: 'Open Sans'; font-size: 16px; font-style: normal; font-variant-ligatures: normal; font-variant-caps: normal; font-weight: 400; letter-spacing: normal; orphans: 2; text-align: left; text-indent: 0px; text-transform: none; white-space: normal; widows: 2; word-spacing: 0px; -webkit-text-stroke-width: 0px; background-color: #ffffff; text-decoration-thickness: initial; text-decoration-style: initial; text-decoration-color: initial;\">\u00a0<\/div><div style=\"box-sizing: border-box; border: 0px solid #333333; -webkit-font-smoothing: antialiased; -webkit-tap-highlight-color: transparent; color: #111111; font-family: 'Open Sans'; font-size: 16px; font-style: normal; font-variant-ligatures: normal; font-variant-caps: normal; font-weight: 400; letter-spacing: normal; orphans: 2; text-align: left; text-indent: 0px; text-transform: none; white-space: normal; widows: 2; word-spacing: 0px; -webkit-text-stroke-width: 0px; background-color: #ffffff; text-decoration-thickness: initial; text-decoration-style: initial; text-decoration-color: initial;\">Im Jahre 2010 zog sich Karl Jenter im Alter von 87 Jahren aus den aktiven Gesch\u00e4ften der Firma zur\u00fcck und \u00fcbergab sein Lebenswerk an seinen Sohn Karl-Heinz Jenter.<\/div><div style=\"box-sizing: border-box; border: 0px solid #333333; -webkit-font-smoothing: antialiased; -webkit-tap-highlight-color: transparent; color: #111111; font-family: 'Open Sans'; font-size: 16px; font-style: normal; font-variant-ligatures: normal; font-variant-caps: normal; font-weight: 400; letter-spacing: normal; orphans: 2; text-align: left; text-indent: 0px; text-transform: none; white-space: normal; widows: 2; word-spacing: 0px; -webkit-text-stroke-width: 0px; background-color: #ffffff; text-decoration-thickness: initial; text-decoration-style: initial; text-decoration-color: initial;\">\u00a0<\/div><div style=\"box-sizing: border-box; border: 0px solid #333333; -webkit-font-smoothing: antialiased; -webkit-tap-highlight-color: transparent; color: #111111; font-family: 'Open Sans'; font-size: 16px; font-style: normal; font-variant-ligatures: normal; font-variant-caps: normal; font-weight: 400; letter-spacing: normal; orphans: 2; text-align: left; text-indent: 0px; text-transform: none; white-space: normal; widows: 2; word-spacing: 0px; -webkit-text-stroke-width: 0px; background-color: #ffffff; text-decoration-thickness: initial; text-decoration-style: initial; text-decoration-color: initial;\">Karl Jenter ist am 13.09.2013 im Alter von 90 Jahren verstorben. Er war ein besonderer Mensch, ein gro\u00dfartiger T\u00fcftler und Denker, ein charismatischer Vision\u00e4r, der sich in der gesamten Branche Respekt, Bewunderung und Anerkennung verdiente.<\/div><div style=\"box-sizing: border-box; border: 0px solid #333333; -webkit-font-smoothing: antialiased; -webkit-tap-highlight-color: transparent; color: #111111; font-family: 'Open Sans'; font-size: 16px; font-style: normal; font-variant-ligatures: normal; font-variant-caps: normal; font-weight: 400; letter-spacing: normal; orphans: 2; text-align: left; text-indent: 0px; text-transform: none; white-space: normal; widows: 2; word-spacing: 0px; -webkit-text-stroke-width: 0px; background-color: #ffffff; text-decoration-thickness: initial; text-decoration-style: initial; text-decoration-color: initial;\">\u00a0<\/div><div style=\"box-sizing: border-box; border: 0px solid #333333; -webkit-font-smoothing: antialiased; -webkit-tap-highlight-color: transparent; color: #111111; font-family: 'Open Sans'; font-size: 16px; font-style: normal; font-variant-ligatures: normal; font-variant-caps: normal; font-weight: 400; letter-spacing: normal; orphans: 2; text-align: left; text-indent: 0px; text-transform: none; white-space: normal; widows: 2; word-spacing: 0px; -webkit-text-stroke-width: 0px; background-color: #ffffff; text-decoration-thickness: initial; text-decoration-style: initial; text-decoration-color: initial;\">Sein innerer Antrieb und Mut f\u00fcr weitreichende, teilweise unkonventionelle Entscheidungen legten den Grundstein f\u00fcr zahlreiche Innovationen.<\/div><div style=\"box-sizing: border-box; border: 0px solid #333333; -webkit-font-smoothing: antialiased; -webkit-tap-highlight-color: transparent; color: #111111; font-family: 'Open Sans'; font-size: 16px; font-style: normal; font-variant-ligatures: normal; font-variant-caps: normal; font-weight: 400; letter-spacing: normal; orphans: 2; text-align: left; text-indent: 0px; text-transform: none; white-space: normal; widows: 2; word-spacing: 0px; -webkit-text-stroke-width: 0px; background-color: #ffffff; text-decoration-thickness: initial; text-decoration-style: initial; text-decoration-color: initial;\">\u00a0<\/div><div style=\"box-sizing: border-box; border: 0px solid #333333; -webkit-font-smoothing: antialiased; -webkit-tap-highlight-color: transparent; color: #111111; font-family: 'Open Sans'; font-size: 16px; font-style: normal; font-variant-ligatures: normal; font-variant-caps: normal; font-weight: 400; letter-spacing: normal; orphans: 2; text-align: left; text-indent: 0px; text-transform: none; white-space: normal; widows: 2; word-spacing: 0px; -webkit-text-stroke-width: 0px; background-color: #ffffff; text-decoration-thickness: initial; text-decoration-style: initial; text-decoration-color: initial;\">Wir werden sein Lebenswerk in Ehren halten und in seinem Sinne fortf\u00fchren.<\/div>\t\t\t\t\t\t\t\t<\/div>\n\t\t\t\t<\/div>\n\t\t\t\t\t<\/div>\n\t\t<\/div>\n\t\t\t\t\t<\/div>\n\t\t<\/section>\n\t\t\t\t<section class=\"elementor-section elementor-top-section elementor-element elementor-element-72834e4 elementor-section-boxed elementor-section-height-default elementor-section-height-default\" data-id=\"72834e4\" data-element_type=\"section\" data-e-type=\"section\">\n\t\t\t\t\t\t<div class=\"elementor-container elementor-column-gap-default\">\n\t\t\t\t\t<div class=\"elementor-column elementor-col-50 elementor-top-column elementor-element elementor-element-f4c8812\" data-id=\"f4c8812\" data-element_type=\"column\" data-e-type=\"column\">\n\t\t\t<div class=\"elementor-widget-wrap elementor-element-populated\">\n\t\t\t\t\t\t<div class=\"elementor-element elementor-element-1f42bd4 elementor-widget elementor-widget-image\" data-id=\"1f42bd4\" data-element_type=\"widget\" data-e-type=\"widget\" data-widget_type=\"image.default\">\n\t\t\t\t<div class=\"elementor-widget-container\">\n\t\t\t\t\t\t\t\t\t\t\t\t\t\t\t<img decoding=\"async\" width=\"240\" height=\"327\" src=\"https:\/\/karl-jenter.eu\/wp-content\/uploads\/2022\/11\/28-320w.webp\" class=\"attachment-large size-large wp-image-1249\" alt=\"\" srcset=\"https:\/\/karl-jenter.eu\/wp-content\/uploads\/2022\/11\/28-320w.webp 240w, https:\/\/karl-jenter.eu\/wp-content\/uploads\/2022\/11\/28-320w-220x300.webp 220w\" sizes=\"(max-width: 240px) 100vw, 240px\" \/>\t\t\t\t\t\t\t\t\t\t\t\t\t\t\t<\/div>\n\t\t\t\t<\/div>\n\t\t\t\t\t<\/div>\n\t\t<\/div>\n\t\t\t\t<div class=\"elementor-column elementor-col-50 elementor-top-column elementor-element elementor-element-d6bc9f2\" data-id=\"d6bc9f2\" data-element_type=\"column\" data-e-type=\"column\">\n\t\t\t<div class=\"elementor-widget-wrap elementor-element-populated\">\n\t\t\t\t\t\t<div class=\"elementor-element elementor-element-d74b4b2 elementor-widget elementor-widget-heading\" data-id=\"d74b4b2\" data-element_type=\"widget\" data-e-type=\"widget\" data-widget_type=\"heading.default\">\n\t\t\t\t<div class=\"elementor-widget-container\">\n\t\t\t\t\t<h2 class=\"elementor-heading-title elementor-size-default\">Karl-Heinz Jenter<\/h2>\t\t\t\t<\/div>\n\t\t\t\t<\/div>\n\t\t\t\t<div class=\"elementor-element elementor-element-6cf98b9 elementor-widget elementor-widget-text-editor\" data-id=\"6cf98b9\" data-element_type=\"widget\" data-e-type=\"widget\" data-widget_type=\"text-editor.default\">\n\t\t\t\t<div class=\"elementor-widget-container\">\n\t\t\t\t\t\t\t\t\t<p><span style=\"color: #111111; font-family: 'Open Sans'; font-size: 16px; font-style: normal; font-variant-ligatures: normal; font-variant-caps: normal; font-weight: 400; letter-spacing: normal; orphans: 2; text-align: left; text-indent: 0px; text-transform: none; white-space: normal; widows: 2; word-spacing: 0px; -webkit-text-stroke-width: 0px; background-color: #ffffff; text-decoration-thickness: initial; text-decoration-style: initial; text-decoration-color: initial; display: inline !important; float: none;\">Nach dem sich Karl Jenter im Jahre 2010 aus dem aktiven Gesch\u00e4ften der Firma zur\u00fcck gezogen hat \u00fcbernahm sein Sohn Karl-Heinz Jenter mit seiner Familie das von seinem Vater gegr\u00fcndete Unternehmen. Bereits in jungen Jahren unterst\u00fctze er seinen Vater bei der Imkerei und bekam so schon ein Gesp\u00fcr f\u00fcr den richtigen Umgang mit Bienen. Basierend auf dem Erfahrungswerten und auch durch die Zusammenarbeit mit verschiedenen Imkern wurde unser Produkt durch Karl-Heinz Jenter stetig verbessert. Im Jahr 2019 war es dann auch soweit, dass wir unser neues Produkt den VarroaStop zur Markreife brachten. Dieses Produkt wurde von Karl-Heinz Jenter federf\u00fchrend konstruiert und entwickelt. Hierbei hat er mit verschiedenen Imkern und Forschungsinstituten zusammen gearbeitet.<\/span><\/p><p><span style=\"color: #111111; font-family: 'Open Sans'; font-size: 16px;\">Zus\u00e4tzlich zu seiner T\u00e4tigkeit in der Produktentwicklung, ist Karl-Heinz Jenter innerhalb des Unternehmens verantwortlich f\u00fcr die Produktion, Versand und Logistik als auch f\u00fcr Anfragen zur Produktanwendung.<\/span><\/p>\t\t\t\t\t\t\t\t<\/div>\n\t\t\t\t<\/div>\n\t\t\t\t\t<\/div>\n\t\t<\/div>\n\t\t\t\t\t<\/div>\n\t\t<\/section>\n\t\t\t\t<\/div>\n\t\t","protected":false},"excerpt":{"rendered":"<p>Karl Jenter Karl Jenter, im Jahr 1923 geboren, interessierte sich schon als Schuljunge f\u00fcr die Imkerei, da sein Vater selbst erfahrener Imker war. Ab 1945 setzte er sich intensiver mit der Imkerei auseinander und sammelte schon in fr\u00fchen Jahren wichtige Erfahrungen in diesem Bereich.\u00a0Als erfahrener Konstrukteur begann er Anfang der 80er Jahre mit der Entwicklung [&hellip;]<\/p>\n","protected":false},"author":1,"featured_media":0,"parent":0,"menu_order":0,"comment_status":"closed","ping_status":"closed","template":"","meta":{"footnotes":""},"class_list":["post-422","page","type-page","status-publish","czr-hentry"],"_links":{"self":[{"href":"https:\/\/karl-jenter.eu\/home2\/wp-json\/wp\/v2\/pages\/422","targetHints":{"allow":["GET"]}}],"collection":[{"href":"https:\/\/karl-jenter.eu\/home2\/wp-json\/wp\/v2\/pages"}],"about":[{"href":"https:\/\/karl-jenter.eu\/home2\/wp-json\/wp\/v2\/types\/page"}],"author":[{"embeddable":true,"href":"https:\/\/karl-jenter.eu\/home2\/wp-json\/wp\/v2\/users\/1"}],"replies":[{"embeddable":true,"href":"https:\/\/karl-jenter.eu\/home2\/wp-json\/wp\/v2\/comments?post=422"}],"version-history":[{"count":3,"href":"https:\/\/karl-jenter.eu\/home2\/wp-json\/wp\/v2\/pages\/422\/revisions"}],"predecessor-version":[{"id":1252,"href":"https:\/\/karl-jenter.eu\/home2\/wp-json\/wp\/v2\/pages\/422\/revisions\/1252"}],"wp:attachment":[{"href":"https:\/\/karl-jenter.eu\/home2\/wp-json\/wp\/v2\/media?parent=422"}],"curies":[{"name":"wp","href":"https:\/\/api.w.org\/{rel}","templated":true}]}}