{"id":238,"date":"2021-04-06T20:46:42","date_gmt":"2021-04-06T20:46:42","guid":{"rendered":"https:\/\/test.karl-jenter.eu\/?page_id=238"},"modified":"2021-04-06T20:46:42","modified_gmt":"2021-04-06T20:46:42","slug":"jenter-koeniginnenzuchtgeraetekasten","status":"publish","type":"page","link":"https:\/\/karl-jenter.eu\/home2\/jenter-koeniginnenzuchtgeraetekasten","title":{"rendered":"JENTER K\u00f6niginnenzuchtger\u00e4tekasten"},"content":{"rendered":"\t\t<div data-elementor-type=\"wp-page\" data-elementor-id=\"238\" class=\"elementor elementor-238\">\n\t\t\t\t\t\t<section class=\"elementor-section elementor-top-section elementor-element elementor-element-1e252c1 elementor-section-content-middle elementor-section-boxed elementor-section-height-default elementor-section-height-default\" data-id=\"1e252c1\" data-element_type=\"section\" data-e-type=\"section\">\n\t\t\t\t\t\t<div class=\"elementor-container elementor-column-gap-default\">\n\t\t\t\t\t<div class=\"elementor-column elementor-col-33 elementor-top-column elementor-element elementor-element-3092f9b\" data-id=\"3092f9b\" data-element_type=\"column\" data-e-type=\"column\">\n\t\t\t<div class=\"elementor-widget-wrap elementor-element-populated\">\n\t\t\t\t\t\t<div class=\"elementor-element elementor-element-031487e elementor-widget elementor-widget-image\" data-id=\"031487e\" data-element_type=\"widget\" data-e-type=\"widget\" data-widget_type=\"image.default\">\n\t\t\t\t<div class=\"elementor-widget-container\">\n\t\t\t\t\t\t\t\t\t\t\t\t\t\t\t<img decoding=\"async\" src=\"https:\/\/test.karl-jenter.eu\/wp-content\/uploads\/2022\/06\/K\u251cAniginnenkasten_Titelbild-scaled.jpg\" title=\"\" alt=\"\" loading=\"lazy\" \/>\t\t\t\t\t\t\t\t\t\t\t\t\t\t\t<\/div>\n\t\t\t\t<\/div>\n\t\t\t\t\t<\/div>\n\t\t<\/div>\n\t\t\t\t<div class=\"elementor-column elementor-col-33 elementor-top-column elementor-element elementor-element-ac6adc8\" data-id=\"ac6adc8\" data-element_type=\"column\" data-e-type=\"column\">\n\t\t\t<div class=\"elementor-widget-wrap elementor-element-populated\">\n\t\t\t\t\t\t<div class=\"elementor-element elementor-element-963f25f elementor-widget elementor-widget-image\" data-id=\"963f25f\" data-element_type=\"widget\" data-e-type=\"widget\" data-widget_type=\"image.default\">\n\t\t\t\t<div class=\"elementor-widget-container\">\n\t\t\t\t\t\t\t\t\t\t\t\t\t\t\t<img fetchpriority=\"high\" decoding=\"async\" width=\"1024\" height=\"768\" src=\"https:\/\/karl-jenter.eu\/wp-content\/uploads\/2022\/11\/9-1920w-1024x768.webp\" class=\"attachment-large size-large wp-image-1188\" alt=\"\" srcset=\"https:\/\/karl-jenter.eu\/wp-content\/uploads\/2022\/11\/9-1920w-1024x768.webp 1024w, https:\/\/karl-jenter.eu\/wp-content\/uploads\/2022\/11\/9-1920w-300x225.webp 300w, https:\/\/karl-jenter.eu\/wp-content\/uploads\/2022\/11\/9-1920w-768x576.webp 768w, https:\/\/karl-jenter.eu\/wp-content\/uploads\/2022\/11\/9-1920w-1536x1152.webp 1536w, https:\/\/karl-jenter.eu\/wp-content\/uploads\/2022\/11\/9-1920w.webp 1920w\" sizes=\"(max-width: 1024px) 100vw, 1024px\" \/>\t\t\t\t\t\t\t\t\t\t\t\t\t\t\t<\/div>\n\t\t\t\t<\/div>\n\t\t\t\t\t<\/div>\n\t\t<\/div>\n\t\t\t\t<div class=\"elementor-column elementor-col-33 elementor-top-column elementor-element elementor-element-a450680\" data-id=\"a450680\" data-element_type=\"column\" data-e-type=\"column\">\n\t\t\t<div class=\"elementor-widget-wrap elementor-element-populated\">\n\t\t\t\t\t\t<div class=\"elementor-element elementor-element-69daab3 elementor-widget elementor-widget-image\" data-id=\"69daab3\" data-element_type=\"widget\" data-e-type=\"widget\" data-widget_type=\"image.default\">\n\t\t\t\t<div class=\"elementor-widget-container\">\n\t\t\t\t\t\t\t\t\t\t\t\t\t\t\t<img decoding=\"async\" width=\"1024\" height=\"768\" src=\"https:\/\/karl-jenter.eu\/wp-content\/uploads\/2022\/11\/10-1920w-1024x768.webp\" class=\"attachment-large size-large wp-image-1189\" alt=\"\" srcset=\"https:\/\/karl-jenter.eu\/wp-content\/uploads\/2022\/11\/10-1920w-1024x768.webp 1024w, https:\/\/karl-jenter.eu\/wp-content\/uploads\/2022\/11\/10-1920w-300x225.webp 300w, https:\/\/karl-jenter.eu\/wp-content\/uploads\/2022\/11\/10-1920w-768x576.webp 768w, https:\/\/karl-jenter.eu\/wp-content\/uploads\/2022\/11\/10-1920w-1536x1152.webp 1536w, https:\/\/karl-jenter.eu\/wp-content\/uploads\/2022\/11\/10-1920w.webp 1920w\" sizes=\"(max-width: 1024px) 100vw, 1024px\" \/>\t\t\t\t\t\t\t\t\t\t\t\t\t\t\t<\/div>\n\t\t\t\t<\/div>\n\t\t\t\t\t<\/div>\n\t\t<\/div>\n\t\t\t\t\t<\/div>\n\t\t<\/section>\n\t\t\t\t<section class=\"elementor-section elementor-top-section elementor-element elementor-element-3da9785 elementor-section-content-middle elementor-section-boxed elementor-section-height-default elementor-section-height-default\" data-id=\"3da9785\" data-element_type=\"section\" data-e-type=\"section\">\n\t\t\t\t\t\t<div class=\"elementor-container elementor-column-gap-default\">\n\t\t\t\t\t<div class=\"elementor-column elementor-col-50 elementor-top-column elementor-element elementor-element-171f66d\" data-id=\"171f66d\" data-element_type=\"column\" data-e-type=\"column\">\n\t\t\t<div class=\"elementor-widget-wrap elementor-element-populated\">\n\t\t\t\t\t\t<div class=\"elementor-element elementor-element-a85232d elementor-widget elementor-widget-text-editor\" data-id=\"a85232d\" data-element_type=\"widget\" data-e-type=\"widget\" data-widget_type=\"text-editor.default\">\n\t\t\t\t<div class=\"elementor-widget-container\">\n\t\t\t\t\t\t\t\t\t<h4 id=\"1693527397\" class=\"u_1693527397 dmNewParagraph\" style=\"text-align: right;\" data-uialign=\"left\" data-element-type=\"paragraph\"><span style=\"font-size: 24pt;\"><strong>&#8222;Aufbewahrung und Arbeitstisch&#8220;<\/strong><\/span><br><span style=\"font-size: 14pt;\"><strong><span class=\"font-size-16 lh-1\">Alles \u00fcbersichtlich verpackt in einem Komplettset<\/span><\/strong><\/span><\/h4>\t\t\t\t\t\t\t\t<\/div>\n\t\t\t\t<\/div>\n\t\t\t\t\t<\/div>\n\t\t<\/div>\n\t\t\t\t<div class=\"elementor-column elementor-col-50 elementor-top-column elementor-element elementor-element-fedcee6\" data-id=\"fedcee6\" data-element_type=\"column\" data-e-type=\"column\">\n\t\t\t<div class=\"elementor-widget-wrap elementor-element-populated\">\n\t\t\t\t\t\t<div class=\"elementor-element elementor-element-e995369 elementor-widget elementor-widget-text-editor\" data-id=\"e995369\" data-element_type=\"widget\" data-e-type=\"widget\" data-widget_type=\"text-editor.default\">\n\t\t\t\t<div class=\"elementor-widget-container\">\n\t\t\t\t\t\t\t\t\t<div style=\"box-sizing: border-box; border: 0px solid #333333; -webkit-font-smoothing: antialiased; -webkit-tap-highlight-color: transparent; color: #111111; font-family: 'Open Sans'; font-size: 16px; font-style: normal; font-variant-ligatures: normal; font-variant-caps: normal; font-weight: 400; letter-spacing: normal; orphans: 2; text-align: left; text-indent: 0px; text-transform: none; white-space: normal; widows: 2; word-spacing: 0px; -webkit-text-stroke-width: 0px; background-color: #ffffff; text-decoration-thickness: initial; text-decoration-style: initial; text-decoration-color: initial;\"><span style=\"box-sizing: border-box; border: 0px solid #333333; -webkit-font-smoothing: antialiased; -webkit-tap-highlight-color: transparent; color: #666666;\"><b style=\"box-sizing: border-box; border: 0px solid #333333; font-weight: bold; -webkit-font-smoothing: antialiased; -webkit-tap-highlight-color: transparent;\">Alle 13 Ger\u00e4te im Zuchtger\u00e4tekasten sind sinnvoll angeordnet und in einer Schachtel verpackt.<br style=\"box-sizing: border-box; border: 0px solid #333333; -webkit-font-smoothing: antialiased; -webkit-tap-highlight-color: transparent;\" \/><br style=\"box-sizing: border-box; border: 0px solid #333333; -webkit-font-smoothing: antialiased; -webkit-tap-highlight-color: transparent;\" \/><\/b>Der Zuchtger\u00e4tekasten kann f\u00fcr folgende Arbeitsschritte am Bienenstand verwendet werden:<\/span><\/div><div style=\"box-sizing: border-box; border: 0px solid #333333; -webkit-font-smoothing: antialiased; -webkit-tap-highlight-color: transparent; color: #111111; font-family: 'Open Sans'; font-size: 16px; font-style: normal; font-variant-ligatures: normal; font-variant-caps: normal; font-weight: 400; letter-spacing: normal; orphans: 2; text-align: left; text-indent: 0px; text-transform: none; white-space: normal; widows: 2; word-spacing: 0px; -webkit-text-stroke-width: 0px; background-color: #ffffff; text-decoration-thickness: initial; text-decoration-style: initial; text-decoration-color: initial;\"><span style=\"box-sizing: border-box; border: 0px solid #333333; -webkit-font-smoothing: antialiased; -webkit-tap-highlight-color: transparent; color: #666666;\">\u00a0<\/span><\/div><div style=\"box-sizing: border-box; border: 0px solid #333333; -webkit-font-smoothing: antialiased; -webkit-tap-highlight-color: transparent; color: #111111; font-family: 'Open Sans'; font-size: 16px; font-style: normal; font-variant-ligatures: normal; font-variant-caps: normal; font-weight: 400; letter-spacing: normal; orphans: 2; text-align: left; text-indent: 0px; text-transform: none; white-space: normal; widows: 2; word-spacing: 0px; -webkit-text-stroke-width: 0px; background-color: #ffffff; text-decoration-thickness: initial; text-decoration-style: initial; text-decoration-color: initial;\"><ul class=\"innerList defaultList\" style=\"box-sizing: border-box; border: 0px solid #333333; margin-left: 0px; margin-right: 0px; vertical-align: top; -webkit-font-smoothing: antialiased; -webkit-tap-highlight-color: transparent;\"><li style=\"box-sizing: border-box; border: 0px solid #333333; vertical-align: top; -webkit-font-smoothing: antialiased; -webkit-tap-highlight-color: transparent;\"><span style=\"box-sizing: border-box; border: 0px solid #333333; -webkit-font-smoothing: antialiased; -webkit-tap-highlight-color: transparent; color: #666666;\">Abfangen der K\u00f6nigin<\/span><span style=\"box-sizing: border-box; border: 0px solid #333333; -webkit-font-smoothing: antialiased; -webkit-tap-highlight-color: transparent; color: #666666;\"><br style=\"box-sizing: border-box; border: 0px solid #333333; -webkit-font-smoothing: antialiased; -webkit-tap-highlight-color: transparent;\" \/>K\u00f6niginnenzange ist im Set enthalten<\/span><\/li><li style=\"box-sizing: border-box; border: 0px solid #333333; vertical-align: top; -webkit-font-smoothing: antialiased; -webkit-tap-highlight-color: transparent;\"><span style=\"box-sizing: border-box; border: 0px solid #333333; -webkit-font-smoothing: antialiased; -webkit-tap-highlight-color: transparent; color: #666666;\">Zeichnen der K\u00f6nigin<\/span><span style=\"box-sizing: border-box; border: 0px solid #333333; -webkit-font-smoothing: antialiased; -webkit-tap-highlight-color: transparent; color: #666666;\"><br style=\"box-sizing: border-box; border: 0px solid #333333; -webkit-font-smoothing: antialiased; -webkit-tap-highlight-color: transparent;\" \/>Kleber, Pinsel, Opalithpl\u00e4ttchen (5 Jahresfarben), Reinigungsl\u00f6sung f\u00fcr Pinsel und Lupe im Set\u00a0<\/span><span style=\"box-sizing: border-box; border: 0px solid #333333; -webkit-font-smoothing: antialiased; -webkit-tap-highlight-color: transparent; color: #666666;\">enthalten.<\/span><\/li><li style=\"box-sizing: border-box; border: 0px solid #333333; vertical-align: top; -webkit-font-smoothing: antialiased; -webkit-tap-highlight-color: transparent;\"><span style=\"box-sizing: border-box; border: 0px solid #333333; -webkit-font-smoothing: antialiased; -webkit-tap-highlight-color: transparent; color: #666666;\">Fl\u00fcgel schneiden<\/span><span style=\"box-sizing: border-box; border: 0px solid #333333; -webkit-font-smoothing: antialiased; -webkit-tap-highlight-color: transparent; color: #666666;\"><br style=\"box-sizing: border-box; border: 0px solid #333333; -webkit-font-smoothing: antialiased; -webkit-tap-highlight-color: transparent;\" \/>Schere im Set enthalten<\/span><\/li><li style=\"box-sizing: border-box; border: 0px solid #333333; vertical-align: top; -webkit-font-smoothing: antialiased; -webkit-tap-highlight-color: transparent;\"><span style=\"box-sizing: border-box; border: 0px solid #333333; -webkit-font-smoothing: antialiased; -webkit-tap-highlight-color: transparent; color: #666666;\">Gelee Royale-Absaugung f\u00fcr den Eigenbedarf.<\/span><span style=\"box-sizing: border-box; border: 0px solid #333333; -webkit-font-smoothing: antialiased; -webkit-tap-highlight-color: transparent; color: #666666;\"><br style=\"box-sizing: border-box; border: 0px solid #333333; -webkit-font-smoothing: antialiased; -webkit-tap-highlight-color: transparent;\" \/>Spritze, Aufbewahrungsr\u00f6hrchen, Schl\u00e4uche zum absaugen im Set enthalten.\u00a0<\/span><\/li><\/ul><\/div>\t\t\t\t\t\t\t\t<\/div>\n\t\t\t\t<\/div>\n\t\t\t\t<div class=\"elementor-element elementor-element-cb762de elementor-align-center elementor-widget elementor-widget-button\" data-id=\"cb762de\" data-element_type=\"widget\" data-e-type=\"widget\" data-widget_type=\"button.default\">\n\t\t\t\t<div class=\"elementor-widget-container\">\n\t\t\t\t\t\t\t\t\t<div class=\"elementor-button-wrapper\">\n\t\t\t\t\t<a class=\"elementor-button elementor-button-link elementor-size-lg\" href=\"https:\/\/test.karl-jenter.eu\/umsteckverfahren-jenter\">\n\t\t\t\t\t\t<span class=\"elementor-button-content-wrapper\">\n\t\t\t\t\t\t\t\t\t<span class=\"elementor-button-text\">Bildergalerie<\/span>\n\t\t\t\t\t<\/span>\n\t\t\t\t\t<\/a>\n\t\t\t\t<\/div>\n\t\t\t\t\t\t\t\t<\/div>\n\t\t\t\t<\/div>\n\t\t\t\t\t<\/div>\n\t\t<\/div>\n\t\t\t\t\t<\/div>\n\t\t<\/section>\n\t\t\t\t<\/div>\n\t\t","protected":false},"excerpt":{"rendered":"<p>&#8222;Aufbewahrung und Arbeitstisch&#8220;Alles \u00fcbersichtlich verpackt in einem Komplettset Alle 13 Ger\u00e4te im Zuchtger\u00e4tekasten sind sinnvoll angeordnet und in einer Schachtel verpackt.Der Zuchtger\u00e4tekasten kann f\u00fcr folgende Arbeitsschritte am Bienenstand verwendet werden:\u00a0 Abfangen der K\u00f6niginK\u00f6niginnenzange ist im Set enthalten Zeichnen der K\u00f6niginKleber, Pinsel, Opalithpl\u00e4ttchen (5 Jahresfarben), Reinigungsl\u00f6sung f\u00fcr Pinsel und Lupe im Set\u00a0enthalten. Fl\u00fcgel schneidenSchere im Set [&hellip;]<\/p>\n","protected":false},"author":1,"featured_media":0,"parent":0,"menu_order":0,"comment_status":"closed","ping_status":"closed","template":"","meta":{"footnotes":""},"class_list":["post-238","page","type-page","status-publish","czr-hentry"],"_links":{"self":[{"href":"https:\/\/karl-jenter.eu\/home2\/wp-json\/wp\/v2\/pages\/238","targetHints":{"allow":["GET"]}}],"collection":[{"href":"https:\/\/karl-jenter.eu\/home2\/wp-json\/wp\/v2\/pages"}],"about":[{"href":"https:\/\/karl-jenter.eu\/home2\/wp-json\/wp\/v2\/types\/page"}],"author":[{"embeddable":true,"href":"https:\/\/karl-jenter.eu\/home2\/wp-json\/wp\/v2\/users\/1"}],"replies":[{"embeddable":true,"href":"https:\/\/karl-jenter.eu\/home2\/wp-json\/wp\/v2\/comments?post=238"}],"version-history":[{"count":0,"href":"https:\/\/karl-jenter.eu\/home2\/wp-json\/wp\/v2\/pages\/238\/revisions"}],"wp:attachment":[{"href":"https:\/\/karl-jenter.eu\/home2\/wp-json\/wp\/v2\/media?parent=238"}],"curies":[{"name":"wp","href":"https:\/\/api.w.org\/{rel}","templated":true}]}}