{"id":1475,"date":"2022-12-12T20:58:58","date_gmt":"2022-12-12T20:58:58","guid":{"rendered":"https:\/\/karl-jenter.eu\/home2\/?page_id=1475"},"modified":"2022-12-12T21:02:59","modified_gmt":"2022-12-12T21:02:59","slug":"produkttester","status":"publish","type":"page","link":"https:\/\/karl-jenter.eu\/home2\/produkttester","title":{"rendered":"Produkttester"},"content":{"rendered":"\t\t<div data-elementor-type=\"wp-page\" data-elementor-id=\"1475\" class=\"elementor elementor-1475\">\n\t\t\t\t\t\t<section class=\"elementor-section elementor-top-section elementor-element elementor-element-6704ee6 elementor-section-boxed elementor-section-height-default elementor-section-height-default\" data-id=\"6704ee6\" data-element_type=\"section\" data-e-type=\"section\">\n\t\t\t\t\t\t<div class=\"elementor-container elementor-column-gap-default\">\n\t\t\t\t\t<div class=\"elementor-column elementor-col-100 elementor-top-column elementor-element elementor-element-b64e7a2\" data-id=\"b64e7a2\" data-element_type=\"column\" data-e-type=\"column\">\n\t\t\t<div class=\"elementor-widget-wrap elementor-element-populated\">\n\t\t\t\t\t\t<div class=\"elementor-element elementor-element-eaf9eae elementor-widget elementor-widget-heading\" data-id=\"eaf9eae\" data-element_type=\"widget\" data-e-type=\"widget\" data-widget_type=\"heading.default\">\n\t\t\t\t<div class=\"elementor-widget-container\">\n\t\t\t\t\t<h2 class=\"elementor-heading-title elementor-size-default\">Wie Sie Produkttester werden k\u00f6nnen:<\/h2>\t\t\t\t<\/div>\n\t\t\t\t<\/div>\n\t\t\t\t\t<\/div>\n\t\t<\/div>\n\t\t\t\t\t<\/div>\n\t\t<\/section>\n\t\t\t\t<section class=\"elementor-section elementor-top-section elementor-element elementor-element-56b2172 elementor-section-boxed elementor-section-height-default elementor-section-height-default\" data-id=\"56b2172\" data-element_type=\"section\" data-e-type=\"section\">\n\t\t\t\t\t\t<div class=\"elementor-container elementor-column-gap-default\">\n\t\t\t\t\t<div class=\"elementor-column elementor-col-100 elementor-top-column elementor-element elementor-element-b55ade1\" data-id=\"b55ade1\" data-element_type=\"column\" data-e-type=\"column\">\n\t\t\t<div class=\"elementor-widget-wrap elementor-element-populated\">\n\t\t\t\t\t\t<div class=\"elementor-element elementor-element-375207e elementor-widget elementor-widget-text-editor\" data-id=\"375207e\" data-element_type=\"widget\" data-e-type=\"widget\" data-widget_type=\"text-editor.default\">\n\t\t\t\t<div class=\"elementor-widget-container\">\n\t\t\t\t\t\t\t\t\t<div><b>So gehts&#8230;<\/b><\/div><div>\u00a0<\/div><div>Schreiben Sie unser eine kurze E-Mail an info@karl-jenter.eu mit den folgenden Informationen:\u00a0<\/div><div><ul class=\"innerList defaultList\"><li>Angaben zu Ihrer Person<\/li><li>Seit wann Sie die Imkerei betreiben<\/li><li>Anzahl Ihrer V\u00f6lker<\/li><li>Bisherige Verfahren welche Sie zur Varroabek\u00e4mpfung angewandt haben.<\/li><li>Kurze Erl\u00e4uterung weshalb Sie unser Produkt testen wollen.<\/li><\/ul><div>\u00a0<\/div><div>Wir bearbeiten Ihre E-Mail umgehend und suchen aus allen Anfragen 30 Produkttester heraus. Diese erhalten von uns kostenlos ein JENTER VarroaSTOP zugesandt.\u00a0<\/div><div>\u00a0<\/div><div>\u00a0<\/div><div><b>Was erwarten wir von Ihnen als Produkttester?<\/b><\/div><div><ul class=\"innerList defaultList\"><li>Einen Erfahrungsbericht \u00fcber die Einsetzung und Funktion des JENTER VarroaSTOP<\/li><li>Einige Bilder, die wir k\u00fcnftig f\u00fcr Werbezecke verwenden werden.\u00a0<\/li><\/ul><div>\u00a0<\/div><div>Rechtliche Hinweise<\/div><div>Die Teilnehmerzahl ist auf 30 beschr\u00e4nkt. Nur Anfragen mit vollst\u00e4ndigen Angaben k\u00f6nnen ber\u00fccksichtigt werden.\u00a0<\/div><div>\u00a0<\/div><\/div><\/div>\t\t\t\t\t\t\t\t<\/div>\n\t\t\t\t<\/div>\n\t\t\t\t\t<\/div>\n\t\t<\/div>\n\t\t\t\t\t<\/div>\n\t\t<\/section>\n\t\t\t\t<section class=\"elementor-section elementor-top-section elementor-element elementor-element-225feae elementor-section-boxed elementor-section-height-default elementor-section-height-default\" data-id=\"225feae\" data-element_type=\"section\" data-e-type=\"section\">\n\t\t\t\t\t\t<div class=\"elementor-container elementor-column-gap-default\">\n\t\t\t\t\t<div class=\"elementor-column elementor-col-100 elementor-top-column elementor-element elementor-element-98c6106\" data-id=\"98c6106\" data-element_type=\"column\" data-e-type=\"column\">\n\t\t\t<div class=\"elementor-widget-wrap\">\n\t\t\t\t\t\t\t<\/div>\n\t\t<\/div>\n\t\t\t\t\t<\/div>\n\t\t<\/section>\n\t\t\t\t<\/div>\n\t\t","protected":false},"excerpt":{"rendered":"<p>Wie Sie Produkttester werden k\u00f6nnen: So gehts&#8230;\u00a0Schreiben Sie unser eine kurze E-Mail an info@karl-jenter.eu mit den folgenden Informationen:\u00a0 Angaben zu Ihrer Person Seit wann Sie die Imkerei betreiben Anzahl Ihrer V\u00f6lker Bisherige Verfahren welche Sie zur Varroabek\u00e4mpfung angewandt haben. Kurze Erl\u00e4uterung weshalb Sie unser Produkt testen wollen. \u00a0Wir bearbeiten Ihre E-Mail umgehend und suchen aus [&hellip;]<\/p>\n","protected":false},"author":1,"featured_media":0,"parent":0,"menu_order":0,"comment_status":"closed","ping_status":"closed","template":"","meta":{"footnotes":""},"class_list":["post-1475","page","type-page","status-publish","czr-hentry"],"_links":{"self":[{"href":"https:\/\/karl-jenter.eu\/home2\/wp-json\/wp\/v2\/pages\/1475","targetHints":{"allow":["GET"]}}],"collection":[{"href":"https:\/\/karl-jenter.eu\/home2\/wp-json\/wp\/v2\/pages"}],"about":[{"href":"https:\/\/karl-jenter.eu\/home2\/wp-json\/wp\/v2\/types\/page"}],"author":[{"embeddable":true,"href":"https:\/\/karl-jenter.eu\/home2\/wp-json\/wp\/v2\/users\/1"}],"replies":[{"embeddable":true,"href":"https:\/\/karl-jenter.eu\/home2\/wp-json\/wp\/v2\/comments?post=1475"}],"version-history":[{"count":4,"href":"https:\/\/karl-jenter.eu\/home2\/wp-json\/wp\/v2\/pages\/1475\/revisions"}],"predecessor-version":[{"id":1479,"href":"https:\/\/karl-jenter.eu\/home2\/wp-json\/wp\/v2\/pages\/1475\/revisions\/1479"}],"wp:attachment":[{"href":"https:\/\/karl-jenter.eu\/home2\/wp-json\/wp\/v2\/media?parent=1475"}],"curies":[{"name":"wp","href":"https:\/\/api.w.org\/{rel}","templated":true}]}}